{"id":571,"date":"2024-02-07T07:30:57","date_gmt":"2024-02-07T07:30:57","guid":{"rendered":"https:\/\/akoxdev.com\/?page_id=571"},"modified":"2024-02-07T08:11:18","modified_gmt":"2024-02-07T08:11:18","slug":"legal-notes","status":"publish","type":"page","link":"https:\/\/akoxdev.com\/et\/oiguslikud-markused\/","title":{"rendered":"\u00f5iguslikud m\u00e4rkused"},"content":{"rendered":"<div data-elementor-type=\"wp-page\" data-elementor-id=\"571\" class=\"elementor elementor-571\" data-elementor-post-type=\"page\">\n\t\t\t\t<div class=\"elementor-element elementor-element-70c52fc3 e-flex e-con-boxed e-con e-parent\" data-id=\"70c52fc3\" data-element_type=\"container\" data-settings=\"{&quot;background_background&quot;:&quot;classic&quot;,&quot;content_width&quot;:&quot;boxed&quot;}\" data-core-v316-plus=\"true\">\n\t\t\t\t\t<div class=\"e-con-inner\">\n\t\t<div class=\"elementor-element elementor-element-37d8641e e-con-full e-flex e-con e-child\" data-id=\"37d8641e\" data-element_type=\"container\" data-settings=\"{&quot;background_background&quot;:&quot;classic&quot;,&quot;content_width&quot;:&quot;full&quot;}\">\n\t\t\t\t<div class=\"elementor-element elementor-element-3372f2a elementor-widget elementor-widget-heading\" data-id=\"3372f2a\" data-element_type=\"widget\" data-widget_type=\"heading.default\">\n\t\t\t\t<div class=\"elementor-widget-container\">\n\t\t\t<style>\/*! elementor - v3.19.0 - 29-01-2024 *\/\n.elementor-heading-title{padding:0;margin:0;line-height:1}.elementor-widget-heading .elementor-heading-title[class*=elementor-size-]>a{color:inherit;font-size:inherit;line-height:inherit}.elementor-widget-heading .elementor-heading-title.elementor-size-small{font-size:15px}.elementor-widget-heading .elementor-heading-title.elementor-size-medium{font-size:19px}.elementor-widget-heading .elementor-heading-title.elementor-size-large{font-size:29px}.elementor-widget-heading .elementor-heading-title.elementor-size-xl{font-size:39px}.elementor-widget-heading .elementor-heading-title.elementor-size-xxl{font-size:59px}<\/style><h2 class=\"elementor-heading-title elementor-size-default\">\u00d5iguslikud m\u00e4rkused<\/h2>\t\t<\/div>\n\t\t\t\t<\/div>\n\t\t<div class=\"elementor-element elementor-element-761bb7c6 e-con-full e-flex e-con e-child\" data-id=\"761bb7c6\" data-element_type=\"container\" data-settings=\"{&quot;content_width&quot;:&quot;full&quot;}\">\n\t\t\t\t<div class=\"elementor-element elementor-element-3a7ffdd3 elementor-widget elementor-widget-text-editor\" data-id=\"3a7ffdd3\" data-element_type=\"widget\" data-widget_type=\"text-editor.default\">\n\t\t\t\t<div class=\"elementor-widget-container\">\n\t\t\t<style>\/*! elementor - v3.19.0 - 29-01-2024 *\/\n.elementor-widget-text-editor.elementor-drop-cap-view-stacked .elementor-drop-cap{background-color:#69727d;color:#fff}.elementor-widget-text-editor.elementor-drop-cap-view-framed .elementor-drop-cap{color:#69727d;border:3px solid;background-color:transparent}.elementor-widget-text-editor:not(.elementor-drop-cap-view-default) .elementor-drop-cap{margin-top:8px}.elementor-widget-text-editor:not(.elementor-drop-cap-view-default) .elementor-drop-cap-letter{width:1em;height:1em}.elementor-widget-text-editor .elementor-drop-cap{float:left;text-align:center;line-height:1;font-size:50px}.elementor-widget-text-editor .elementor-drop-cap-letter{display:inline-block}<\/style>\t\t\t\t<p>See lehek\u00fclg sisaldab olulist teavet veebilehe kohta <a href=\"https:\/\/akoxdev.com\/et\/\"><b>www.akoxdev.com<\/b><\/a> (edaspidi \"veebileht\") ja autori\u00f5iguse omandi\u00f5igus. Palun lugege hoolikalt j\u00e4rgmisi juhiseid.<\/p><p><b>Akox Development O\u00dc<\/b><\/p><p>Harju maakond, Tallinn, Kesklinna linnaosa, Vesiv\u00e4rava tn 50-201, 10152<\/p><p>ettev\u00f5tte id:16465250<\/p><p>K\u00f5ik \u00f5igused kaitstud.<\/p><p>K\u00f5ik \u00f5igused sellele teosele on reserveeritud vastavalt kohalikele eeskirjadele.<\/p><p>K\u00f5ik andmebaasi \u00f5igused on reserveeritud.<\/p><p>K\u00e4esoleva veebilehe sisu t\u00e4ielik v\u00f5i osaline t\u00f5lkimine, kohandamine, t\u00f6\u00f6tlemine v\u00f5i reprodutseerimine mis tahes vahenditega (sealhulgas elektrooniline salvestamine) on reserveeritud k\u00f5ikidele ja mis tahes riikidele.<\/p><p>K\u00e4esoleva veebilehe materjalide t\u00e4ielik v\u00f5i osaline reprodutseerimine, avaldamine ja levitamine, sealhulgas raamimine, sarnased reprodutseerimisvahendid ja \u00fcldiselt digitaalne salvestamine on selges\u00f5naliselt keelatud ilma kirjaliku loata. <b>Akox Development O\u00dc<\/b>, ilma et see piiraks mis tahes edasisi n\u00f5uetekohaseid \u00f5igusi.<\/p><p>K\u00e4esoleva veebisaidi sisu (sealhulgas, kuid mitte ainult, tekst, logod, ikoonid, pildid, graafika, heli, arvutiprogrammid, andmebaasid) ning selle sisu esitamise viis (graafiline kujundus) on ainuomanikuks. <b>Akox Development O\u00dc<\/b> ning on kaitstud Eesti ja rahvusvaheliste kaubam\u00e4rkide ja autori\u00f5iguse seadustega.<\/p><p>Kui me ei avalda teadlikult autori\u00f5iguse alla kuuluvat v\u00f5i kehtivaid seadusi rikkuvat sisu, palume teil sellest teatada aadressil <b>Akox Development O\u00dc<\/b>, kes n\u00f5ustub seda viivitamatult eemaldama, kui ta saab rikkumisest teada.<\/p><h2><b>Kaubam\u00e4rgid<\/b><\/h2><p><b>Akox Development O\u00dc<\/b><\/p><p>Harju maakond, Tallinn, Kesklinna linnaosa, Vesiv\u00e4rava tn 50-201, 10152<\/p><p>ettev\u00f5tte id:16465250<\/p><p>Muud mainitud nimed, teenused v\u00f5i ettev\u00f5tted v\u00f5ivad olla vastavate omanike kaubam\u00e4rgid.<\/p><p>Need on kaitstud Eesti ja rahvusvaheliste kaubam\u00e4rkide ja autori\u00f5iguse seadustega.<\/p><h2><b>Hoiatused<\/b><\/h2><p>Veebisaidil sisalduv teave v\u00f5ib sisaldada tehnilisi ebat\u00e4psusi, puudusi v\u00f5i tr\u00fckivigu. K\u00e4ttesaadav dokumentatsioon, sealhulgas dokumendid, millel on otsesed v\u00f5i kaudsed lingid, koostisosad ja nendega seotud graafika on esitatud \"nagu on\" ilma garantiita puuduste ja \/ v\u00f5i puuduste eest, mis v\u00f5ivad takistada ja \/ v\u00f5i piirata selle kasutamist.<\/p><p><b>Akox Development O\u00dc <\/b>j\u00e4tab endale ka \u00f5iguse teha igal ajal ja ilma eelneva etteteatamiseta muudatusi k\u00e4esolevates m\u00e4rkustes ja kasutusjuhistes, teenustes, toodetes ja\/v\u00f5i programmides, mida on kirjeldatud k\u00e4esoleval veebisaidil.<\/p><p>Samuti ei garanteeri see, et dokumendid on vigade, viiruste ja\/v\u00f5i muude kahjustuste vabad. K\u00f5ik remondi- ja\/v\u00f5i paranduskulud peab kandma kasutaja.<\/p><p>Kasutaja n\u00f5ustub hoidma <b>Akox Development O\u00dc<\/b> vabaks k\u00f5ikidest n\u00f5uetest, kahjudest, otsestest v\u00f5i kaudsetest kohustustest, mis v\u00f5ivad tuleneda selle veebilehe kasutamisest.<\/p>\t\t\t\t\t\t<\/div>\n\t\t\t\t<\/div>\n\t\t\t\t<\/div>\n\t\t\t\t<\/div>\n\t\t\t\t\t<\/div>\n\t\t\t\t<\/div>\n\t\t\t\t<\/div>","protected":false},"excerpt":{"rendered":"<p>\u00d5iguslikud m\u00e4rkused See lehek\u00fclg sisaldab olulist teavet veebilehe www.akoxdev.com (edaspidi \"veebileht\") ja autori\u00f5iguse omandi\u00f5iguse kohta. Palun lugege hoolikalt j\u00e4rgmisi juhiseid. Akox Development O\u00dc Harju maakond, Tallinn, Kesklinna linnaosa, Vesiv\u00e4rava tn 50-201, 10152 firma id:16465250 K\u00f5ik \u00f5igused kaitstud. K\u00f5ik \u00f5igused sellele teosele on reserveeritud vastavalt kohalikele eeskirjadele. K\u00f5ik [...]<\/p>","protected":false},"author":1,"featured_media":0,"parent":0,"menu_order":0,"comment_status":"closed","ping_status":"closed","template":"elementor_header_footer","meta":{"footnotes":""},"class_list":["post-571","page","type-page","status-publish","hentry"],"acf":[],"yoast_head":"<!-- This site is optimized with the Yoast SEO Premium plugin v22.0 (Yoast SEO v22.0) - https:\/\/yoast.com\/wordpress\/plugins\/seo\/ -->\n<title>legal notes - Akox Development<\/title>\n<meta name=\"robots\" content=\"index, follow, max-snippet:-1, max-image-preview:large, max-video-preview:-1\" \/>\n<link rel=\"canonical\" href=\"https:\/\/akoxdev.com\/et\/oiguslikud-markused\/\" \/>\n<meta property=\"og:locale\" content=\"et_EE\" \/>\n<meta property=\"og:type\" content=\"article\" \/>\n<meta property=\"og:title\" content=\"legal notes\" \/>\n<meta property=\"og:description\" content=\"Legal Notes This page contains important information about the website www.akoxdev.com (hereinafter the WEBSITE) and ownership of the copyright. Please read carefully the following instructions. Akox Development O\u00dc Harju maakond, Tallinn, Kesklinna linnaosa, Vesiv\u00e4rava tn 50-201, 10152 company id:16465250 All rights reserved. All rights to this work are reserved in accordance with local regulations. All [&hellip;]\" \/>\n<meta property=\"og:url\" content=\"https:\/\/akoxdev.com\/et\/oiguslikud-markused\/\" \/>\n<meta property=\"og:site_name\" content=\"Akox Development\" \/>\n<meta property=\"article:modified_time\" content=\"2024-02-07T08:11:18+00:00\" \/>\n<meta name=\"twitter:card\" content=\"summary_large_image\" \/>\n<meta name=\"twitter:label1\" content=\"Est. reading time\" \/>\n\t<meta name=\"twitter:data1\" content=\"2 minutit\" \/>\n<script type=\"application\/ld+json\" class=\"yoast-schema-graph\">{\"@context\":\"https:\/\/schema.org\",\"@graph\":[{\"@type\":\"WebPage\",\"@id\":\"https:\/\/akoxdev.com\/legal-notes\/\",\"url\":\"https:\/\/akoxdev.com\/legal-notes\/\",\"name\":\"legal notes - Akox Development\",\"isPartOf\":{\"@id\":\"https:\/\/akoxdev.com\/ru\/#website\"},\"datePublished\":\"2024-02-07T07:30:57+00:00\",\"dateModified\":\"2024-02-07T08:11:18+00:00\",\"breadcrumb\":{\"@id\":\"https:\/\/akoxdev.com\/legal-notes\/#breadcrumb\"},\"inLanguage\":\"et\",\"potentialAction\":[{\"@type\":\"ReadAction\",\"target\":[\"https:\/\/akoxdev.com\/legal-notes\/\"]}]},{\"@type\":\"BreadcrumbList\",\"@id\":\"https:\/\/akoxdev.com\/legal-notes\/#breadcrumb\",\"itemListElement\":[{\"@type\":\"ListItem\",\"position\":1,\"name\":\"Home\",\"item\":\"https:\/\/akoxdev.com\/\"},{\"@type\":\"ListItem\",\"position\":2,\"name\":\"legal notes\"}]},{\"@type\":\"WebSite\",\"@id\":\"https:\/\/akoxdev.com\/ru\/#website\",\"url\":\"https:\/\/akoxdev.com\/ru\/\",\"name\":\"Akox Development\",\"description\":\"Akox Development O\u00dc\",\"publisher\":{\"@id\":\"https:\/\/akoxdev.com\/ru\/#organization\"},\"potentialAction\":[{\"@type\":\"SearchAction\",\"target\":{\"@type\":\"EntryPoint\",\"urlTemplate\":\"https:\/\/akoxdev.com\/ru\/?s={search_term_string}\"},\"query-input\":\"required name=search_term_string\"}],\"inLanguage\":\"et\"},{\"@type\":\"Organization\",\"@id\":\"https:\/\/akoxdev.com\/ru\/#organization\",\"name\":\"Akox Development\",\"url\":\"https:\/\/akoxdev.com\/ru\/\",\"logo\":{\"@type\":\"ImageObject\",\"inLanguage\":\"et\",\"@id\":\"https:\/\/akoxdev.com\/ru\/#\/schema\/logo\/image\/\",\"url\":\"https:\/\/akoxdev.com\/wp-content\/uploads\/2024\/02\/Akox_Development_logo_big.jpg\",\"contentUrl\":\"https:\/\/akoxdev.com\/wp-content\/uploads\/2024\/02\/Akox_Development_logo_big.jpg\",\"width\":1337,\"height\":586,\"caption\":\"Akox Development\"},\"image\":{\"@id\":\"https:\/\/akoxdev.com\/ru\/#\/schema\/logo\/image\/\"}}]}<\/script>\n<!-- \/ Yoast SEO Premium plugin. -->","yoast_head_json":{"title":"legal notes - Akox Development","robots":{"index":"index","follow":"follow","max-snippet":"max-snippet:-1","max-image-preview":"max-image-preview:large","max-video-preview":"max-video-preview:-1"},"canonical":"https:\/\/akoxdev.com\/et\/oiguslikud-markused\/","og_locale":"et_EE","og_type":"article","og_title":"legal notes","og_description":"Legal Notes This page contains important information about the website www.akoxdev.com (hereinafter the WEBSITE) and ownership of the copyright. Please read carefully the following instructions. Akox Development O\u00dc Harju maakond, Tallinn, Kesklinna linnaosa, Vesiv\u00e4rava tn 50-201, 10152 company id:16465250 All rights reserved. All rights to this work are reserved in accordance with local regulations. All [&hellip;]","og_url":"https:\/\/akoxdev.com\/et\/oiguslikud-markused\/","og_site_name":"Akox Development","article_modified_time":"2024-02-07T08:11:18+00:00","twitter_card":"summary_large_image","twitter_misc":{"Est. reading time":"2 minutit"},"schema":{"@context":"https:\/\/schema.org","@graph":[{"@type":"WebPage","@id":"https:\/\/akoxdev.com\/legal-notes\/","url":"https:\/\/akoxdev.com\/legal-notes\/","name":"legal notes - Akox Development","isPartOf":{"@id":"https:\/\/akoxdev.com\/ru\/#website"},"datePublished":"2024-02-07T07:30:57+00:00","dateModified":"2024-02-07T08:11:18+00:00","breadcrumb":{"@id":"https:\/\/akoxdev.com\/legal-notes\/#breadcrumb"},"inLanguage":"et","potentialAction":[{"@type":"ReadAction","target":["https:\/\/akoxdev.com\/legal-notes\/"]}]},{"@type":"BreadcrumbList","@id":"https:\/\/akoxdev.com\/legal-notes\/#breadcrumb","itemListElement":[{"@type":"ListItem","position":1,"name":"Home","item":"https:\/\/akoxdev.com\/"},{"@type":"ListItem","position":2,"name":"legal notes"}]},{"@type":"WebSite","@id":"https:\/\/akoxdev.com\/ru\/#website","url":"https:\/\/akoxdev.com\/ru\/","name":"Akox Development","description":"Akox Development O\u00dc","publisher":{"@id":"https:\/\/akoxdev.com\/ru\/#organization"},"potentialAction":[{"@type":"SearchAction","target":{"@type":"EntryPoint","urlTemplate":"https:\/\/akoxdev.com\/ru\/?s={search_term_string}"},"query-input":"required name=search_term_string"}],"inLanguage":"et"},{"@type":"Organization","@id":"https:\/\/akoxdev.com\/ru\/#organization","name":"Akox Development","url":"https:\/\/akoxdev.com\/ru\/","logo":{"@type":"ImageObject","inLanguage":"et","@id":"https:\/\/akoxdev.com\/ru\/#\/schema\/logo\/image\/","url":"https:\/\/akoxdev.com\/wp-content\/uploads\/2024\/02\/Akox_Development_logo_big.jpg","contentUrl":"https:\/\/akoxdev.com\/wp-content\/uploads\/2024\/02\/Akox_Development_logo_big.jpg","width":1337,"height":586,"caption":"Akox Development"},"image":{"@id":"https:\/\/akoxdev.com\/ru\/#\/schema\/logo\/image\/"}}]}},"_links":{"self":[{"href":"https:\/\/akoxdev.com\/et\/wp-json\/wp\/v2\/pages\/571","targetHints":{"allow":["GET"]}}],"collection":[{"href":"https:\/\/akoxdev.com\/et\/wp-json\/wp\/v2\/pages"}],"about":[{"href":"https:\/\/akoxdev.com\/et\/wp-json\/wp\/v2\/types\/page"}],"author":[{"embeddable":true,"href":"https:\/\/akoxdev.com\/et\/wp-json\/wp\/v2\/users\/1"}],"replies":[{"embeddable":true,"href":"https:\/\/akoxdev.com\/et\/wp-json\/wp\/v2\/comments?post=571"}],"version-history":[{"count":7,"href":"https:\/\/akoxdev.com\/et\/wp-json\/wp\/v2\/pages\/571\/revisions"}],"predecessor-version":[{"id":588,"href":"https:\/\/akoxdev.com\/et\/wp-json\/wp\/v2\/pages\/571\/revisions\/588"}],"wp:attachment":[{"href":"https:\/\/akoxdev.com\/et\/wp-json\/wp\/v2\/media?parent=571"}],"curies":[{"name":"wp","href":"https:\/\/api.w.org\/{rel}","templated":true}]}}