{"id":3,"date":"2024-02-03T10:22:58","date_gmt":"2024-02-03T10:22:58","guid":{"rendered":"https:\/\/akoxdev.pikapod.net\/?page_id=3"},"modified":"2024-02-07T08:11:04","modified_gmt":"2024-02-07T08:11:04","slug":"privacy-policy","status":"publish","type":"page","link":"https:\/\/akoxdev.com\/et\/privaatsuspoliitika\/","title":{"rendered":"Privaatsuspoliitika"},"content":{"rendered":"<div data-elementor-type=\"wp-page\" data-elementor-id=\"3\" class=\"elementor elementor-3\" data-elementor-post-type=\"page\">\n\t\t\t\t<div class=\"elementor-element elementor-element-1117cd4a e-flex e-con-boxed e-con e-parent\" data-id=\"1117cd4a\" data-element_type=\"container\" data-settings=\"{&quot;content_width&quot;:&quot;boxed&quot;}\" data-core-v316-plus=\"true\">\n\t\t\t\t\t<div class=\"e-con-inner\">\n\t\t\t\t<div class=\"elementor-element elementor-element-398ef41 elementor-widget elementor-widget-text-editor\" data-id=\"398ef41\" data-element_type=\"widget\" data-widget_type=\"text-editor.default\">\n\t\t\t\t<div class=\"elementor-widget-container\">\n\t\t\t<style>\/*! elementor - v3.19.0 - 29-01-2024 *\/\n.elementor-widget-text-editor.elementor-drop-cap-view-stacked .elementor-drop-cap{background-color:#69727d;color:#fff}.elementor-widget-text-editor.elementor-drop-cap-view-framed .elementor-drop-cap{color:#69727d;border:3px solid;background-color:transparent}.elementor-widget-text-editor:not(.elementor-drop-cap-view-default) .elementor-drop-cap{margin-top:8px}.elementor-widget-text-editor:not(.elementor-drop-cap-view-default) .elementor-drop-cap-letter{width:1em;height:1em}.elementor-widget-text-editor .elementor-drop-cap{float:left;text-align:center;line-height:1;font-size:50px}.elementor-widget-text-editor .elementor-drop-cap-letter{display:inline-block}<\/style>\t\t\t\t<header class=\"page-header\">\n<h1 class=\"entry-title\">K\u00fcpsiste poliitika (EL)<\/h1>\n<\/header>\n<div class=\"page-content\">\n<div id=\"cmplz-document\" class=\"cmplz-document cookie-statement cmplz-document-eu\">\n<p><i>K\u00e4esolevat k\u00fcpsiste poliitikat uuendati viimati 29. jaanuaril 2024 ja see kehtib Euroopa Majanduspiirkonna ja \u0160veitsi kodanike ja seaduslikult alaliste elanike kohta.<\/i><\/p>\n<h2>1. Sissejuhatus<\/h2>\n<p>Meie veebisait, <a href=\"https:\/\/akoxdev.com\/et\/\">https:\/\/akoxdev.com<\/a> (edaspidi \"veebisait\") kasutab k\u00fcpsiseid ja muid seotud tehnoloogiaid (mugavuse huvides nimetatakse k\u00f5iki tehnoloogiaid \"k\u00fcpsisteks\"). K\u00fcpsiseid paigutavad ka kolmandad osapooled, kellega me oleme s\u00f5lminud lepingud. Allj\u00e4rgnevas dokumendis teavitame teid k\u00fcpsiste kasutamisest meie veebisaidil.<\/p>\n<h2>2. Mis on k\u00fcpsised?<\/h2>\n<p>K\u00fcpsis on v\u00e4ike lihtne fail, mis saadetakse koos selle veebisaidi lehek\u00fclgedega ja mida teie veebilehitseja salvestab teie arvuti v\u00f5i muu seadme k\u00f5vakettale. Sellesse salvestatud teave v\u00f5idakse j\u00e4rgmise k\u00fclastuse ajal saata tagasi meie v\u00f5i asjaomaste kolmandate isikute serveritesse.<\/p>\n<h2>3. Mis on skriptid?<\/h2>\n<p>Skript on osa programmikoodist, mida kasutatakse selleks, et meie veebisait korralikult ja interaktiivselt toimiks. Seda koodi t\u00e4idetakse meie serveris v\u00f5i teie seadmes.<\/p>\n<h2>4. Mis on veebimajakas?<\/h2>\n<p>Veebimajakas (v\u00f5i piksli silt) on v\u00e4ike, n\u00e4htamatu teksti- v\u00f5i pildit\u00fckk veebisaidil, mida kasutatakse veebisaidi liikluse j\u00e4lgimiseks. Selleks salvestatakse veebimajakate abil mitmesuguseid andmeid teie kohta.<\/p>\n<h2>5. K\u00fcpsised<\/h2>\n<p class=\"cmplz-subtitle\">5.1 Tehnilised v\u00f5i funktsionaalsed k\u00fcpsised<\/p>\n<p>M\u00f5ned k\u00fcpsised tagavad, et veebisaidi teatud osad toimiksid korralikult ja et teie kasutaja eelistused j\u00e4\u00e4ksid teada. Funktsionaalsete k\u00fcpsiste paigutamisega lihtsustame teie jaoks meie veebisaidi k\u00fclastamist. Nii ei pea te meie veebilehe k\u00fclastamisel korduvalt sisestama sama teavet ja n\u00e4iteks j\u00e4\u00e4vad tooted ostukorvis alles, kuni olete maksnud. Me v\u00f5ime neid k\u00fcpsiseid paigutada ilma teie n\u00f5usolekuta.<\/p>\n<p class=\"cmplz-subtitle\">5.2 Statistilised k\u00fcpsised<\/p>\n<p>Me kasutame statistilisi k\u00fcpsiseid, et optimeerida veebisaidi kasutajakogemust. Nende statistikak\u00fcpsiste abil saame \u00fclevaate meie veebisaidi kasutamisest. Palume teie luba statistikak\u00fcpsiste paigutamiseks.<\/p>\n<p class=\"cmplz-subtitle\">5.3 Reklaamik\u00fcpsised<\/p>\n<p>Sellel veebisaidil kasutame reklaamik\u00fcpsiseid, mis v\u00f5imaldavad meil isikup\u00e4rastada reklaami teie jaoks ning me (ja kolmandad isikud) saame \u00fclevaate kampaaniate tulemustest. See toimub profiili alusel, mille me loome teie klikkimise ja surfamise p\u00f5hjal ning v\u00e4ljaspool seda. <a href=\"https:\/\/akoxdev.com\/et\/\">https:\/\/www.akoxdev.com<\/a>. Nende k\u00fcpsiste abil seotakse teid kui veebisaidi k\u00fclastajat unikaalse ID-ga, nii et te ei n\u00e4e n\u00e4iteks sama reklaami rohkem kui \u00fcks kord.<\/p>\n<p class=\"cmplz-subtitle\">5.4 Turundus\/j\u00e4lgimisk\u00fcpsised<\/p>\n<p>Turundus\/j\u00e4lgimisk\u00fcpsised on k\u00fcpsised v\u00f5i mis tahes muu kohalik salvestusvorm, mida kasutatakse kasutaja profiili loomiseks, et kuvada reklaami v\u00f5i j\u00e4lgida kasutajat sellel veebilehel v\u00f5i mitmel veebilehel sarnastel turunduslikel eesm\u00e4rkidel.<\/p>\n<p>Kuna need k\u00fcpsised on m\u00e4rgitud j\u00e4lgimisk\u00fcpsistena, k\u00fcsime nende paigutamiseks teie luba.<\/p>\n<p class=\"cmplz-subtitle\">5.5 Sotsiaalmeedia<\/p>\n<p>Meie veebisaidil oleme lisanud Facebooki ja LinkedIni sisu, et reklaamida veebilehti (nt \"like\", \"pin\") v\u00f5i jagada (nt \"tweet\") sellistes suhtlusv\u00f5rgustikes nagu Facebook ja LinkedIn. See sisu on p\u00f5imitud Facebookist ja LinkedInist saadud koodiga ja paigutab k\u00fcpsiseid. See sisu v\u00f5ib salvestada ja t\u00f6\u00f6delda teatud teavet personaliseeritud reklaami jaoks.<\/p>\n<p>Palun lugege nende suhtlusv\u00f5rgustike privaatsusavaldusi (mis v\u00f5ivad regulaarselt muutuda), et lugeda, mida nad teevad teie (isiku)andmetega, mida nad nende k\u00fcpsiste abil t\u00f6\u00f6tlevad. Saadud andmed on v\u00f5imalikult palju anon\u00fc\u00fcmseks muudetud. Facebook ja LinkedIn asuvad Ameerika \u00dchendriikides.<\/p>\n<h2>6. Paigaldatud k\u00fcpsised<\/h2>\n<div id=\"cmplz-cookies-overview\"><details class=\"cmplz-dropdown cmplz-service-desc cmplz-dropdown-cookiepolicy\" open=\"open\">\n<div>\n<h3>Elementor<\/h3>\n<p>Statistika (anon\u00fc\u00fcmne)<\/p>\n<label class=\"cmplz_consent_per_service_label\" for=\"cmplz_service_elementor\"><span class=\"screen-reader-text\">N\u00f5usolek teenuse osutamiseks v\u00f5i<\/span><\/label> <input id=\"cmplz_service_elementor\" class=\"cmplz-accept-service\" type=\"checkbox\" data-service=\"elementor\" data-category=\"statistics\" \/><\/div>\n<\/details><details class=\"cmplz-dropdown cmplz-service-desc cmplz-dropdown-cookiepolicy\" open=\"open\">\n<div>\n<h3>WordPress<\/h3>\n<p>Funktsionaalne<\/p>\n<label class=\"cmplz_consent_per_service_label\" for=\"cmplz_service_wordpress\"><span class=\"screen-reader-text\">N\u00f5usolek teenuse wordpress<\/span><\/label> <input id=\"cmplz_service_wordpress\" class=\"cmplz-accept-service\" type=\"checkbox\" data-service=\"wordpress\" data-category=\"functional\" \/><\/div>\n<\/details><details class=\"cmplz-dropdown cmplz-service-desc cmplz-dropdown-cookiepolicy\" open=\"open\">\n<div>\n<h3>Google'i kirjat\u00fc\u00fcbid<\/h3>\n<p>Turundus<\/p>\n<label class=\"cmplz_consent_per_service_label\" for=\"cmplz_service_google-fonts\"><span class=\"screen-reader-text\">N\u00f5usolek teenuse google-fonts kasutamiseks<\/span><\/label> <input id=\"cmplz_service_google-fonts\" class=\"cmplz-accept-service\" type=\"checkbox\" data-service=\"google-fonts\" data-category=\"marketing\" \/><\/div>\n<\/details><details class=\"cmplz-dropdown cmplz-service-desc cmplz-dropdown-cookiepolicy\" open=\"open\">\n<div>\n<h3>Google reCAPTCHA<\/h3>\n<p>Turundus<\/p>\n<label class=\"cmplz_consent_per_service_label\" for=\"cmplz_service_google-recaptcha\"><span class=\"screen-reader-text\">N\u00f5usolek teenuse google-recaptcha kasutamiseks<\/span><\/label> <input id=\"cmplz_service_google-recaptcha\" class=\"cmplz-accept-service\" type=\"checkbox\" data-service=\"google-recaptcha\" data-category=\"marketing\" \/><\/div>\n<\/details><details class=\"cmplz-dropdown cmplz-service-desc cmplz-dropdown-cookiepolicy\" open=\"open\">\n<div>\n<h3>Google Maps<\/h3>\n<p>Turundus<\/p>\n<label class=\"cmplz_consent_per_service_label\" for=\"cmplz_service_google-maps\"><span class=\"screen-reader-text\">N\u00f5usolek teenuse google-maps kasutamiseks<\/span><\/label> <input id=\"cmplz_service_google-maps\" class=\"cmplz-accept-service\" type=\"checkbox\" data-service=\"google-maps\" data-category=\"marketing\" \/><\/div>\n<\/details><details class=\"cmplz-dropdown cmplz-service-desc cmplz-dropdown-cookiepolicy\" open=\"open\">\n<div>\n<h3>Facebook<\/h3>\n<p>Turundus, funktsionaalne<\/p>\n<label class=\"cmplz_consent_per_service_label\" for=\"cmplz_service_facebook\"><span class=\"screen-reader-text\">N\u00f5usolek teenusele facebook<\/span><\/label> <input id=\"cmplz_service_facebook\" class=\"cmplz-accept-service\" type=\"checkbox\" data-service=\"facebook\" data-category=\"marketing\" \/><\/div>\n<\/details><details class=\"cmplz-dropdown cmplz-service-desc cmplz-dropdown-cookiepolicy\" open=\"open\">\n<div>\n<h3>LinkedIn<\/h3>\n<p>Funktsionaalne, turundus, statistika, eelistused<\/p>\n<label class=\"cmplz_consent_per_service_label\" for=\"cmplz_service_linkedin\"><span class=\"screen-reader-text\">N\u00f5usolek teenuse osutamiseks linkedin<\/span><\/label> <input id=\"cmplz_service_linkedin\" class=\"cmplz-accept-service\" type=\"checkbox\" data-service=\"linkedin\" data-category=\"marketing\" \/><\/div>\n<\/details><details class=\"cmplz-dropdown cmplz-service-desc cmplz-dropdown-cookiepolicy\" open=\"open\">\n<div>\n<h3>Mitmesugused<\/h3>\n<p>Eesm\u00e4rk kuni uurimise l\u00f5petamiseni<\/p>\n<label class=\"cmplz_consent_per_service_label\" for=\"cmplz_service_miscellaneous\"><span class=\"screen-reader-text\">N\u00f5usolek mitmesuguste teenuste osutamiseks<\/span><\/label><\/div>\n<\/details><\/div>\n<h2>7. N\u00f5usolek<\/h2>\n<p>Kui k\u00fclastate meie veebisaiti esimest korda, kuvatakse teile h\u00fcpikaken, milles selgitatakse k\u00fcpsiseid. Kui kl\u00f5psate \"Salvesta eelistused\", annate n\u00f5usoleku, et me kasutame h\u00fcpikaknas valitud k\u00fcpsiste ja lisandmoodulite kategooriaid, nagu on kirjeldatud k\u00e4esolevas k\u00fcpsiste poliitikas. Saate k\u00fcpsiste kasutamise oma brauseri kaudu keelata, kuid palun arvestage, et meie veebisait ei pruugi enam korralikult toimida.<\/p>\n<p class=\"cmplz-subtitle\">7.1 N\u00f5usoleku seadete haldamine<\/p>\n<div id=\"cmplz-manage-consent-container\" class=\"cmplz-manage-consent-container\">Oleme saanud teie brauserilt privaatsussignaali. Sel p\u00f5hjusel oleme seadistanud teie privaatsusseaded sellel veebisaidil rangelt vajalikuks. Kui soovite t\u00e4ielikku funktsionaalsust, siis kaaluge palun, kas j\u00e4tta https:\/\/best2.sale oma privaatsusseadetest v\u00e4lja.<\/div>\n<h2>8. K\u00fcpsiste sissel\u00fclitamine\/v\u00e4ljal\u00fclitamine ja kustutamine<\/h2>\n<p>V\u00f5ite kasutada oma internetibrauserit k\u00fcpsiste automaatseks v\u00f5i k\u00e4sitsi kustutamiseks. Samuti saate m\u00e4\u00e4rata, et teatud k\u00fcpsiseid ei tohi paigutada. Teine v\u00f5imalus on muuta oma internetibrauseri seadeid nii, et saate iga kord, kui k\u00fcpsis asetatakse, teate. Lisateavet nende v\u00f5imaluste kohta leiate oma veebilehitseja abiosas olevatest juhistest.<\/p>\n<p>Pange t\u00e4hele, et meie veebisait ei pruugi korralikult toimida, kui k\u00f5ik k\u00fcpsised on keelatud. Kui te kustutate k\u00fcpsised oma brauserist, pannakse need p\u00e4rast teie n\u00f5usolekut uuesti sisse, kui k\u00fclastate meie veebilehte uuesti.<\/p>\n<h2>9. Teie \u00f5igused seoses isikuandmetega<\/h2>\n<p>Teil on j\u00e4rgmised \u00f5igused seoses oma isikuandmetega:<\/p>\n<ul>\n<li>Teil on \u00f5igus teada, miks teie isikuandmeid vajatakse, mis nendega juhtub ja kui kaua neid s\u00e4ilitatakse.<\/li>\n<li>Juurdep\u00e4\u00e4su\u00f5igus: Teil on \u00f5igus tutvuda oma teadaolevate isikuandmetega.<\/li>\n<li>\u00d5igus andmete parandamisele: teil on \u00f5igus t\u00e4iendada, parandada, kustutada v\u00f5i blokeerida oma isikuandmeid, kui te seda soovite.<\/li>\n<li>Kui olete andnud meile n\u00f5usoleku oma andmete t\u00f6\u00f6tlemiseks, on teil \u00f5igus see n\u00f5usolek tagasi v\u00f5tta ja lasta oma isikuandmed kustutada.<\/li>\n<li>\u00d5igus edastada oma andmeid: teil on \u00f5igus n\u00f5uda vastutavalt t\u00f6\u00f6tlejalt k\u00f5iki oma isikuandmeid ja edastada need tervikuna teisele vastutavale t\u00f6\u00f6tlejale.<\/li>\n<li>\u00d5igus esitada vastuv\u00e4iteid: te v\u00f5ite esitada vastuv\u00e4iteid oma andmete t\u00f6\u00f6tlemisele. Me t\u00e4idame seda, kui t\u00f6\u00f6tlemiseks ei ole p\u00f5hjendatud p\u00f5hjusi.<\/li>\n<\/ul>\n<p>Nende \u00f5iguste kasutamiseks v\u00f5tke meiega \u00fchendust. Palun vaadake kontaktandmeid k\u00e4esoleva k\u00fcpsiste poliitika l\u00f5pus. Kui teil on kaebus selle kohta, kuidas me teie andmeid k\u00e4sitleme, soovime teie arvamust kuulda, kuid teil on ka \u00f5igus esitada kaebus j\u00e4relevalveasutusele (andmekaitseasutusele).<\/p>\n<h2>10. Kontaktandmed<\/h2>\n<p>K\u00fcsimuste ja\/v\u00f5i kommentaaride esitamiseks meie k\u00fcpsiste poliitika ja k\u00e4esoleva avalduse kohta v\u00f5tke meiega \u00fchendust, kasutades j\u00e4rgmisi kontaktandmeid:<\/p>\n<p><b>Akox Development O\u00dc<\/b><\/p>\n<p>Harju maakond, Tallinn, Kesklinna linnaosa, Vesiv\u00e4rava tn 50-201, 10152<\/p>\n<p>ettev\u00f5tte id:16465250<br \/>emial: info@akoxdev.com<\/p>\n<p>See k\u00fcpsiste poliitika on s\u00fcnkroonitud <a href=\"https:\/\/cookiedatabase.org\/\" target=\"_blank\" rel=\"noopener\">cookiedatabase.org<\/a> 29. jaanuaril 2024.<\/p>\n<\/div>\n<\/div>\t\t\t\t\t\t<\/div>\n\t\t\t\t<\/div>\n\t\t\t\t\t<\/div>\n\t\t\t\t<\/div>\n\t\t\t\t<\/div>","protected":false},"excerpt":{"rendered":"<p>K\u00fcpsiste poliitika (EL) Seda k\u00fcpsiste poliitikat uuendati viimati 29. jaanuaril 2024 ja see kehtib Euroopa Majanduspiirkonna ja \u0160veitsi kodanikele ja seaduslikele p\u00fcsielanikele. 1. Sissejuhatus Meie veebisait https:\/\/akoxdev.com (edaspidi \"veebisait\") kasutab k\u00fcpsiseid ja muid seotud tehnoloogiaid (mugavuse huvides nimetatakse k\u00f5iki tehnoloogiaid \"k\u00fcpsisteks\"). K\u00fcpsiseid pannakse ka [...]<\/p>","protected":false},"author":1,"featured_media":0,"parent":0,"menu_order":0,"comment_status":"closed","ping_status":"open","template":"","meta":{"footnotes":""},"class_list":["post-3","page","type-page","status-publish","hentry"],"acf":[],"yoast_head":"<!-- This site is optimized with the Yoast SEO Premium plugin v22.0 (Yoast SEO v22.0) - https:\/\/yoast.com\/wordpress\/plugins\/seo\/ -->\n<title>Privacy Policy - Akox Development<\/title>\n<meta name=\"robots\" content=\"index, follow, max-snippet:-1, max-image-preview:large, max-video-preview:-1\" \/>\n<link rel=\"canonical\" href=\"https:\/\/akoxdev.com\/et\/privaatsuspoliitika\/\" \/>\n<meta property=\"og:locale\" content=\"et_EE\" \/>\n<meta property=\"og:type\" content=\"article\" \/>\n<meta property=\"og:title\" content=\"Privacy Policy\" \/>\n<meta property=\"og:description\" content=\"Cookie Policy (EU) This Cookie Policy was last updated on January 29, 2024 and applies to citizens and legal permanent residents of the European Economic Area and Switzerland. 1. Introduction Our website, https:\/\/akoxdev.com (hereinafter: &#8220;the website&#8221;) uses cookies and other related technologies (for convenience all technologies are referred to as &#8220;cookies&#8221;). Cookies are also placed [&hellip;]\" \/>\n<meta property=\"og:url\" content=\"https:\/\/akoxdev.com\/et\/privaatsuspoliitika\/\" \/>\n<meta property=\"og:site_name\" content=\"Akox Development\" \/>\n<meta property=\"article:modified_time\" content=\"2024-02-07T08:11:04+00:00\" \/>\n<meta name=\"twitter:card\" content=\"summary_large_image\" \/>\n<meta name=\"twitter:label1\" content=\"Est. reading time\" \/>\n\t<meta name=\"twitter:data1\" content=\"6 minutit\" \/>\n<script type=\"application\/ld+json\" class=\"yoast-schema-graph\">{\"@context\":\"https:\/\/schema.org\",\"@graph\":[{\"@type\":\"WebPage\",\"@id\":\"https:\/\/akoxdev.com\/privacy-policy\/\",\"url\":\"https:\/\/akoxdev.com\/privacy-policy\/\",\"name\":\"Privacy Policy - Akox Development\",\"isPartOf\":{\"@id\":\"https:\/\/akoxdev.com\/ru\/#website\"},\"datePublished\":\"2024-02-03T10:22:58+00:00\",\"dateModified\":\"2024-02-07T08:11:04+00:00\",\"breadcrumb\":{\"@id\":\"https:\/\/akoxdev.com\/privacy-policy\/#breadcrumb\"},\"inLanguage\":\"et\",\"potentialAction\":[{\"@type\":\"ReadAction\",\"target\":[\"https:\/\/akoxdev.com\/privacy-policy\/\"]}]},{\"@type\":\"BreadcrumbList\",\"@id\":\"https:\/\/akoxdev.com\/privacy-policy\/#breadcrumb\",\"itemListElement\":[{\"@type\":\"ListItem\",\"position\":1,\"name\":\"Home\",\"item\":\"https:\/\/akoxdev.com\/\"},{\"@type\":\"ListItem\",\"position\":2,\"name\":\"Privacy Policy\"}]},{\"@type\":\"WebSite\",\"@id\":\"https:\/\/akoxdev.com\/ru\/#website\",\"url\":\"https:\/\/akoxdev.com\/ru\/\",\"name\":\"Akox Development\",\"description\":\"Akox Development O\u00dc\",\"publisher\":{\"@id\":\"https:\/\/akoxdev.com\/ru\/#organization\"},\"potentialAction\":[{\"@type\":\"SearchAction\",\"target\":{\"@type\":\"EntryPoint\",\"urlTemplate\":\"https:\/\/akoxdev.com\/ru\/?s={search_term_string}\"},\"query-input\":\"required name=search_term_string\"}],\"inLanguage\":\"et\"},{\"@type\":\"Organization\",\"@id\":\"https:\/\/akoxdev.com\/ru\/#organization\",\"name\":\"Akox Development\",\"url\":\"https:\/\/akoxdev.com\/ru\/\",\"logo\":{\"@type\":\"ImageObject\",\"inLanguage\":\"et\",\"@id\":\"https:\/\/akoxdev.com\/ru\/#\/schema\/logo\/image\/\",\"url\":\"https:\/\/akoxdev.com\/wp-content\/uploads\/2024\/02\/Akox_Development_logo_big.jpg\",\"contentUrl\":\"https:\/\/akoxdev.com\/wp-content\/uploads\/2024\/02\/Akox_Development_logo_big.jpg\",\"width\":1337,\"height\":586,\"caption\":\"Akox Development\"},\"image\":{\"@id\":\"https:\/\/akoxdev.com\/ru\/#\/schema\/logo\/image\/\"}}]}<\/script>\n<!-- \/ Yoast SEO Premium plugin. -->","yoast_head_json":{"title":"Privacy Policy - Akox Development","robots":{"index":"index","follow":"follow","max-snippet":"max-snippet:-1","max-image-preview":"max-image-preview:large","max-video-preview":"max-video-preview:-1"},"canonical":"https:\/\/akoxdev.com\/et\/privaatsuspoliitika\/","og_locale":"et_EE","og_type":"article","og_title":"Privacy Policy","og_description":"Cookie Policy (EU) This Cookie Policy was last updated on January 29, 2024 and applies to citizens and legal permanent residents of the European Economic Area and Switzerland. 1. Introduction Our website, https:\/\/akoxdev.com (hereinafter: &#8220;the website&#8221;) uses cookies and other related technologies (for convenience all technologies are referred to as &#8220;cookies&#8221;). Cookies are also placed [&hellip;]","og_url":"https:\/\/akoxdev.com\/et\/privaatsuspoliitika\/","og_site_name":"Akox Development","article_modified_time":"2024-02-07T08:11:04+00:00","twitter_card":"summary_large_image","twitter_misc":{"Est. reading time":"6 minutit"},"schema":{"@context":"https:\/\/schema.org","@graph":[{"@type":"WebPage","@id":"https:\/\/akoxdev.com\/privacy-policy\/","url":"https:\/\/akoxdev.com\/privacy-policy\/","name":"Privacy Policy - Akox Development","isPartOf":{"@id":"https:\/\/akoxdev.com\/ru\/#website"},"datePublished":"2024-02-03T10:22:58+00:00","dateModified":"2024-02-07T08:11:04+00:00","breadcrumb":{"@id":"https:\/\/akoxdev.com\/privacy-policy\/#breadcrumb"},"inLanguage":"et","potentialAction":[{"@type":"ReadAction","target":["https:\/\/akoxdev.com\/privacy-policy\/"]}]},{"@type":"BreadcrumbList","@id":"https:\/\/akoxdev.com\/privacy-policy\/#breadcrumb","itemListElement":[{"@type":"ListItem","position":1,"name":"Home","item":"https:\/\/akoxdev.com\/"},{"@type":"ListItem","position":2,"name":"Privacy Policy"}]},{"@type":"WebSite","@id":"https:\/\/akoxdev.com\/ru\/#website","url":"https:\/\/akoxdev.com\/ru\/","name":"Akox Development","description":"Akox Development O\u00dc","publisher":{"@id":"https:\/\/akoxdev.com\/ru\/#organization"},"potentialAction":[{"@type":"SearchAction","target":{"@type":"EntryPoint","urlTemplate":"https:\/\/akoxdev.com\/ru\/?s={search_term_string}"},"query-input":"required name=search_term_string"}],"inLanguage":"et"},{"@type":"Organization","@id":"https:\/\/akoxdev.com\/ru\/#organization","name":"Akox Development","url":"https:\/\/akoxdev.com\/ru\/","logo":{"@type":"ImageObject","inLanguage":"et","@id":"https:\/\/akoxdev.com\/ru\/#\/schema\/logo\/image\/","url":"https:\/\/akoxdev.com\/wp-content\/uploads\/2024\/02\/Akox_Development_logo_big.jpg","contentUrl":"https:\/\/akoxdev.com\/wp-content\/uploads\/2024\/02\/Akox_Development_logo_big.jpg","width":1337,"height":586,"caption":"Akox Development"},"image":{"@id":"https:\/\/akoxdev.com\/ru\/#\/schema\/logo\/image\/"}}]}},"_links":{"self":[{"href":"https:\/\/akoxdev.com\/et\/wp-json\/wp\/v2\/pages\/3","targetHints":{"allow":["GET"]}}],"collection":[{"href":"https:\/\/akoxdev.com\/et\/wp-json\/wp\/v2\/pages"}],"about":[{"href":"https:\/\/akoxdev.com\/et\/wp-json\/wp\/v2\/types\/page"}],"author":[{"embeddable":true,"href":"https:\/\/akoxdev.com\/et\/wp-json\/wp\/v2\/users\/1"}],"replies":[{"embeddable":true,"href":"https:\/\/akoxdev.com\/et\/wp-json\/wp\/v2\/comments?post=3"}],"version-history":[{"count":6,"href":"https:\/\/akoxdev.com\/et\/wp-json\/wp\/v2\/pages\/3\/revisions"}],"predecessor-version":[{"id":585,"href":"https:\/\/akoxdev.com\/et\/wp-json\/wp\/v2\/pages\/3\/revisions\/585"}],"wp:attachment":[{"href":"https:\/\/akoxdev.com\/et\/wp-json\/wp\/v2\/media?parent=3"}],"curies":[{"name":"wp","href":"https:\/\/api.w.org\/{rel}","templated":true}]}}