{"id":297,"date":"2024-02-05T14:49:40","date_gmt":"2024-02-05T14:49:40","guid":{"rendered":"https:\/\/akoxdev.pikapod.net\/?page_id=297"},"modified":"2024-02-07T18:29:07","modified_gmt":"2024-02-07T18:29:07","slug":"outsourcing-of-software-development","status":"publish","type":"page","link":"https:\/\/akoxdev.com\/et\/tarkvaraarenduse-allhankimine\/","title":{"rendered":"tarkvaraarenduse allhankimine"},"content":{"rendered":"<div data-elementor-type=\"wp-page\" data-elementor-id=\"297\" class=\"elementor elementor-297\" data-elementor-post-type=\"page\">\n\t\t\t\t<div class=\"elementor-element elementor-element-5e589441 e-flex e-con-boxed e-con e-parent\" data-id=\"5e589441\" data-element_type=\"container\" data-settings=\"{&quot;background_background&quot;:&quot;classic&quot;,&quot;content_width&quot;:&quot;boxed&quot;}\" data-core-v316-plus=\"true\">\n\t\t\t\t\t<div class=\"e-con-inner\">\n\t\t<div class=\"elementor-element elementor-element-1689dbc9 e-con-full e-flex e-con e-child\" data-id=\"1689dbc9\" data-element_type=\"container\" data-settings=\"{&quot;background_background&quot;:&quot;classic&quot;,&quot;content_width&quot;:&quot;full&quot;}\">\n\t\t\t\t<div class=\"elementor-element elementor-element-54846787 elementor-widget elementor-widget-heading\" data-id=\"54846787\" data-element_type=\"widget\" data-widget_type=\"heading.default\">\n\t\t\t\t<div class=\"elementor-widget-container\">\n\t\t\t<style>\/*! elementor - v3.19.0 - 29-01-2024 *\/\n.elementor-heading-title{padding:0;margin:0;line-height:1}.elementor-widget-heading .elementor-heading-title[class*=elementor-size-]>a{color:inherit;font-size:inherit;line-height:inherit}.elementor-widget-heading .elementor-heading-title.elementor-size-small{font-size:15px}.elementor-widget-heading .elementor-heading-title.elementor-size-medium{font-size:19px}.elementor-widget-heading .elementor-heading-title.elementor-size-large{font-size:29px}.elementor-widget-heading .elementor-heading-title.elementor-size-xl{font-size:39px}.elementor-widget-heading .elementor-heading-title.elementor-size-xxl{font-size:59px}<\/style><h2 class=\"elementor-heading-title elementor-size-default\">tarkvara arendamine nagu ei ole homne<\/h2>\t\t<\/div>\n\t\t\t\t<\/div>\n\t\t<div class=\"elementor-element elementor-element-48ed6169 e-con-full e-flex e-con e-child\" data-id=\"48ed6169\" data-element_type=\"container\" data-settings=\"{&quot;content_width&quot;:&quot;full&quot;}\">\n\t\t\t\t<div class=\"elementor-element elementor-element-c4ca99a elementor-widget elementor-widget-text-editor\" data-id=\"c4ca99a\" data-element_type=\"widget\" data-widget_type=\"text-editor.default\">\n\t\t\t\t<div class=\"elementor-widget-container\">\n\t\t\t<style>\/*! elementor - v3.19.0 - 29-01-2024 *\/\n.elementor-widget-text-editor.elementor-drop-cap-view-stacked .elementor-drop-cap{background-color:#69727d;color:#fff}.elementor-widget-text-editor.elementor-drop-cap-view-framed .elementor-drop-cap{color:#69727d;border:3px solid;background-color:transparent}.elementor-widget-text-editor:not(.elementor-drop-cap-view-default) .elementor-drop-cap{margin-top:8px}.elementor-widget-text-editor:not(.elementor-drop-cap-view-default) .elementor-drop-cap-letter{width:1em;height:1em}.elementor-widget-text-editor .elementor-drop-cap{float:left;text-align:center;line-height:1;font-size:50px}.elementor-widget-text-editor .elementor-drop-cap-letter{display:inline-block}<\/style>\t\t\t\t<p>See on osa meie ettev\u00f5tte nimest, me arendame rakendusi ja tarkvara, meie p\u00f5hir\u00f5hk on veebirakendused, Saas (tarkvara kui teenus) ja mobiilirakendused android ja IOS, meie kaugarenduse meeskond v\u00f5iks seedida ilma probleemideta k\u00f5ik k\u00f5ige levinumad programmeerimiskeeled, sealhulgas PHP, ASP.NET, C#,Java, Google Web Toolkit ja Node.js, koos kliendipoolsete platvormidega nagu JavaScript, Ajax, jQuery, HTML5\/CSS3 ja erinevad Microsofti t\u00f6\u00f6riistad.<br \/><br \/>Me usume, et ei ole \u00fclesandeid, mida ei saaks \u00f5ige l\u00e4henemise ja \u00f5ige m\u00f5tteviisiga t\u00e4ita. Mida keerulisem on projekt, seda huvitavam on see meie jaoks.<\/p><p>me arendame oma platvormi haldamise t\u00f6\u00f6riista turuplatside jaoks, me m\u00f5istame tugevalt turu suunda ja vahendajate eemaldamise ideed, k\u00f5ik suurimad platvormid on p\u00f5him\u00f5tteliselt vahendajad inimeste elu erinevates valdkondades, on olemas muutuste laine, mis surub disintermediatsiooni ja l\u00e4henemisviisi muutmist, kuid see uus P2P v\u00f5tab palju aega, enne kui enamik praeguseid turuplatside osalejaid seda kasumlikult ja turvaliselt rakendab.<br \/><br \/>Kas teil on idee turul? v\u00f5tke meiega \u00fchendust, me aitame teil m\u00f5ista, kuidas selles \u00e4ris edukalt edasi liikuda.<\/p><p>\u00a0<\/p><p>\u00a0<\/p>\t\t\t\t\t\t<\/div>\n\t\t\t\t<\/div>\n\t\t\t\t<\/div>\n\t\t\t\t<\/div>\n\t\t\t\t\t<\/div>\n\t\t\t\t<\/div>\n\t\t<div class=\"elementor-element elementor-element-3349d761 e-flex e-con-boxed e-con e-parent\" data-id=\"3349d761\" data-element_type=\"container\" data-settings=\"{&quot;background_background&quot;:&quot;classic&quot;,&quot;content_width&quot;:&quot;boxed&quot;}\" data-core-v316-plus=\"true\">\n\t\t\t\t\t<div class=\"e-con-inner\">\n\t\t\t\t<div class=\"elementor-element elementor-element-16fab5a0 elementor-widget elementor-widget-heading\" data-id=\"16fab5a0\" data-element_type=\"widget\" data-widget_type=\"heading.default\">\n\t\t\t\t<div class=\"elementor-widget-container\">\n\t\t\t<h2 class=\"elementor-heading-title elementor-size-default\">Olete vaid \u00fche sammu kaugusel oma j\u00e4rgmise projekti algusest<\/h2>\t\t<\/div>\n\t\t\t\t<\/div>\n\t\t\t\t<div class=\"elementor-element elementor-element-46b80af3 elementor-align-center elementor-widget elementor-widget-button\" data-id=\"46b80af3\" data-element_type=\"widget\" data-widget_type=\"button.default\">\n\t\t\t\t<div class=\"elementor-widget-container\">\n\t\t\t\t\t<div class=\"elementor-button-wrapper\">\n\t\t\t<a class=\"elementor-button elementor-button-link elementor-size-lg\" href=\"#elementor-action:action=popup:open&settings=eyJpZCI6IjQ5MyIsInRvZ2dsZSI6ZmFsc2V9\">\n\t\t\t\t\t\t<span class=\"elementor-button-content-wrapper\">\n\t\t\t\t\t\t<span class=\"elementor-button-text\">V\u00d5TA MEIEGA \u00dcHENDUST<\/span>\n\t\t<\/span>\n\t\t\t\t\t<\/a>\n\t\t<\/div>\n\t\t\t\t<\/div>\n\t\t\t\t<\/div>\n\t\t\t\t\t<\/div>\n\t\t\t\t<\/div>\n\t\t\t\t<\/div>","protected":false},"excerpt":{"rendered":"<p>tarkvara arendamine nagu ei ole homme See on osa meie firma nimi, me ei arendada rakendusi ja tarkvara, meie p\u00f5hir\u00f5hk on veebirakendused, Saas (tarkvara kui teenus) ja mobiilirakendused android ja IOS, meie kaugarenduse meeskond v\u00f5iks seedida ilma probleemideta k\u00f5ik k\u00f5ige levinumad programmeerimiskeeled, sealhulgas PHP, ASP.NET, [...]<\/p>","protected":false},"author":1,"featured_media":0,"parent":0,"menu_order":0,"comment_status":"closed","ping_status":"closed","template":"elementor_header_footer","meta":{"footnotes":""},"class_list":["post-297","page","type-page","status-publish","hentry"],"acf":[],"yoast_head":"<!-- This site is optimized with the Yoast SEO Premium plugin v22.0 (Yoast SEO v22.0) - https:\/\/yoast.com\/wordpress\/plugins\/seo\/ -->\n<title>outsourcing of software development - Akox Development<\/title>\n<meta name=\"robots\" content=\"index, follow, max-snippet:-1, max-image-preview:large, max-video-preview:-1\" \/>\n<link rel=\"canonical\" href=\"https:\/\/akoxdev.com\/et\/tarkvaraarenduse-allhankimine\/\" \/>\n<meta property=\"og:locale\" content=\"et_EE\" \/>\n<meta property=\"og:type\" content=\"article\" \/>\n<meta property=\"og:title\" content=\"outsourcing of software development\" \/>\n<meta property=\"og:description\" content=\"software Development like no tomorrow It is part of our company name, we do develop applications and software, our main focus is on web applications, Saas (software as a service) and mobile applications for android and IOS, our remote development team could digest without any problem all the most common programming languages, including PHP, ASP.NET, [&hellip;]\" \/>\n<meta property=\"og:url\" content=\"https:\/\/akoxdev.com\/et\/tarkvaraarenduse-allhankimine\/\" \/>\n<meta property=\"og:site_name\" content=\"Akox Development\" \/>\n<meta property=\"article:modified_time\" content=\"2024-02-07T18:29:07+00:00\" \/>\n<meta name=\"twitter:card\" content=\"summary_large_image\" \/>\n<meta name=\"twitter:label1\" content=\"Est. reading time\" \/>\n\t<meta name=\"twitter:data1\" content=\"1 minut\" \/>\n<script type=\"application\/ld+json\" class=\"yoast-schema-graph\">{\"@context\":\"https:\/\/schema.org\",\"@graph\":[{\"@type\":\"WebPage\",\"@id\":\"https:\/\/akoxdev.com\/outsourcing-of-software-development\/\",\"url\":\"https:\/\/akoxdev.com\/outsourcing-of-software-development\/\",\"name\":\"outsourcing of software development - Akox Development\",\"isPartOf\":{\"@id\":\"https:\/\/akoxdev.com\/ru\/#website\"},\"datePublished\":\"2024-02-05T14:49:40+00:00\",\"dateModified\":\"2024-02-07T18:29:07+00:00\",\"breadcrumb\":{\"@id\":\"https:\/\/akoxdev.com\/outsourcing-of-software-development\/#breadcrumb\"},\"inLanguage\":\"et\",\"potentialAction\":[{\"@type\":\"ReadAction\",\"target\":[\"https:\/\/akoxdev.com\/outsourcing-of-software-development\/\"]}]},{\"@type\":\"BreadcrumbList\",\"@id\":\"https:\/\/akoxdev.com\/outsourcing-of-software-development\/#breadcrumb\",\"itemListElement\":[{\"@type\":\"ListItem\",\"position\":1,\"name\":\"Home\",\"item\":\"https:\/\/akoxdev.com\/\"},{\"@type\":\"ListItem\",\"position\":2,\"name\":\"outsourcing of software development\"}]},{\"@type\":\"WebSite\",\"@id\":\"https:\/\/akoxdev.com\/ru\/#website\",\"url\":\"https:\/\/akoxdev.com\/ru\/\",\"name\":\"Akox Development\",\"description\":\"Akox Development O\u00dc\",\"publisher\":{\"@id\":\"https:\/\/akoxdev.com\/ru\/#organization\"},\"potentialAction\":[{\"@type\":\"SearchAction\",\"target\":{\"@type\":\"EntryPoint\",\"urlTemplate\":\"https:\/\/akoxdev.com\/ru\/?s={search_term_string}\"},\"query-input\":\"required name=search_term_string\"}],\"inLanguage\":\"et\"},{\"@type\":\"Organization\",\"@id\":\"https:\/\/akoxdev.com\/ru\/#organization\",\"name\":\"Akox Development\",\"url\":\"https:\/\/akoxdev.com\/ru\/\",\"logo\":{\"@type\":\"ImageObject\",\"inLanguage\":\"et\",\"@id\":\"https:\/\/akoxdev.com\/ru\/#\/schema\/logo\/image\/\",\"url\":\"https:\/\/akoxdev.com\/wp-content\/uploads\/2024\/02\/Akox_Development_logo_big.jpg\",\"contentUrl\":\"https:\/\/akoxdev.com\/wp-content\/uploads\/2024\/02\/Akox_Development_logo_big.jpg\",\"width\":1337,\"height\":586,\"caption\":\"Akox Development\"},\"image\":{\"@id\":\"https:\/\/akoxdev.com\/ru\/#\/schema\/logo\/image\/\"}}]}<\/script>\n<!-- \/ Yoast SEO Premium plugin. -->","yoast_head_json":{"title":"outsourcing of software development - Akox Development","robots":{"index":"index","follow":"follow","max-snippet":"max-snippet:-1","max-image-preview":"max-image-preview:large","max-video-preview":"max-video-preview:-1"},"canonical":"https:\/\/akoxdev.com\/et\/tarkvaraarenduse-allhankimine\/","og_locale":"et_EE","og_type":"article","og_title":"outsourcing of software development","og_description":"software Development like no tomorrow It is part of our company name, we do develop applications and software, our main focus is on web applications, Saas (software as a service) and mobile applications for android and IOS, our remote development team could digest without any problem all the most common programming languages, including PHP, ASP.NET, [&hellip;]","og_url":"https:\/\/akoxdev.com\/et\/tarkvaraarenduse-allhankimine\/","og_site_name":"Akox Development","article_modified_time":"2024-02-07T18:29:07+00:00","twitter_card":"summary_large_image","twitter_misc":{"Est. reading time":"1 minut"},"schema":{"@context":"https:\/\/schema.org","@graph":[{"@type":"WebPage","@id":"https:\/\/akoxdev.com\/outsourcing-of-software-development\/","url":"https:\/\/akoxdev.com\/outsourcing-of-software-development\/","name":"outsourcing of software development - Akox Development","isPartOf":{"@id":"https:\/\/akoxdev.com\/ru\/#website"},"datePublished":"2024-02-05T14:49:40+00:00","dateModified":"2024-02-07T18:29:07+00:00","breadcrumb":{"@id":"https:\/\/akoxdev.com\/outsourcing-of-software-development\/#breadcrumb"},"inLanguage":"et","potentialAction":[{"@type":"ReadAction","target":["https:\/\/akoxdev.com\/outsourcing-of-software-development\/"]}]},{"@type":"BreadcrumbList","@id":"https:\/\/akoxdev.com\/outsourcing-of-software-development\/#breadcrumb","itemListElement":[{"@type":"ListItem","position":1,"name":"Home","item":"https:\/\/akoxdev.com\/"},{"@type":"ListItem","position":2,"name":"outsourcing of software development"}]},{"@type":"WebSite","@id":"https:\/\/akoxdev.com\/ru\/#website","url":"https:\/\/akoxdev.com\/ru\/","name":"Akox Development","description":"Akox Development O\u00dc","publisher":{"@id":"https:\/\/akoxdev.com\/ru\/#organization"},"potentialAction":[{"@type":"SearchAction","target":{"@type":"EntryPoint","urlTemplate":"https:\/\/akoxdev.com\/ru\/?s={search_term_string}"},"query-input":"required name=search_term_string"}],"inLanguage":"et"},{"@type":"Organization","@id":"https:\/\/akoxdev.com\/ru\/#organization","name":"Akox Development","url":"https:\/\/akoxdev.com\/ru\/","logo":{"@type":"ImageObject","inLanguage":"et","@id":"https:\/\/akoxdev.com\/ru\/#\/schema\/logo\/image\/","url":"https:\/\/akoxdev.com\/wp-content\/uploads\/2024\/02\/Akox_Development_logo_big.jpg","contentUrl":"https:\/\/akoxdev.com\/wp-content\/uploads\/2024\/02\/Akox_Development_logo_big.jpg","width":1337,"height":586,"caption":"Akox Development"},"image":{"@id":"https:\/\/akoxdev.com\/ru\/#\/schema\/logo\/image\/"}}]}},"_links":{"self":[{"href":"https:\/\/akoxdev.com\/et\/wp-json\/wp\/v2\/pages\/297","targetHints":{"allow":["GET"]}}],"collection":[{"href":"https:\/\/akoxdev.com\/et\/wp-json\/wp\/v2\/pages"}],"about":[{"href":"https:\/\/akoxdev.com\/et\/wp-json\/wp\/v2\/types\/page"}],"author":[{"embeddable":true,"href":"https:\/\/akoxdev.com\/et\/wp-json\/wp\/v2\/users\/1"}],"replies":[{"embeddable":true,"href":"https:\/\/akoxdev.com\/et\/wp-json\/wp\/v2\/comments?post=297"}],"version-history":[{"count":11,"href":"https:\/\/akoxdev.com\/et\/wp-json\/wp\/v2\/pages\/297\/revisions"}],"predecessor-version":[{"id":673,"href":"https:\/\/akoxdev.com\/et\/wp-json\/wp\/v2\/pages\/297\/revisions\/673"}],"wp:attachment":[{"href":"https:\/\/akoxdev.com\/et\/wp-json\/wp\/v2\/media?parent=297"}],"curies":[{"name":"wp","href":"https:\/\/api.w.org\/{rel}","templated":true}]}}