{"id":295,"date":"2024-02-05T14:48:54","date_gmt":"2024-02-05T14:48:54","guid":{"rendered":"https:\/\/akoxdev.pikapod.net\/?page_id=295"},"modified":"2024-02-07T18:25:51","modified_gmt":"2024-02-07T18:25:51","slug":"design-in-outsourcing-software-development","status":"publish","type":"page","link":"https:\/\/akoxdev.com\/et\/projekteerimine-tarkvaraarenduse-allhanke-korras\/","title":{"rendered":"projekteerimine tarkvaraarenduse allhanke korras"},"content":{"rendered":"<div data-elementor-type=\"wp-page\" data-elementor-id=\"295\" class=\"elementor elementor-295\" data-elementor-post-type=\"page\">\n\t\t\t\t<div class=\"elementor-element elementor-element-3f1958a0 e-flex e-con-boxed e-con e-parent\" data-id=\"3f1958a0\" data-element_type=\"container\" data-settings=\"{&quot;background_background&quot;:&quot;classic&quot;,&quot;content_width&quot;:&quot;boxed&quot;}\" data-core-v316-plus=\"true\">\n\t\t\t\t\t<div class=\"e-con-inner\">\n\t\t<div class=\"elementor-element elementor-element-3b32811c e-con-full e-flex e-con e-child\" data-id=\"3b32811c\" data-element_type=\"container\" data-settings=\"{&quot;background_background&quot;:&quot;classic&quot;,&quot;content_width&quot;:&quot;full&quot;}\">\n\t\t\t\t<div class=\"elementor-element elementor-element-4a77af85 elementor-widget elementor-widget-heading\" data-id=\"4a77af85\" data-element_type=\"widget\" data-widget_type=\"heading.default\">\n\t\t\t\t<div class=\"elementor-widget-container\">\n\t\t\t<style>\/*! elementor - v3.19.0 - 29-01-2024 *\/\n.elementor-heading-title{padding:0;margin:0;line-height:1}.elementor-widget-heading .elementor-heading-title[class*=elementor-size-]>a{color:inherit;font-size:inherit;line-height:inherit}.elementor-widget-heading .elementor-heading-title.elementor-size-small{font-size:15px}.elementor-widget-heading .elementor-heading-title.elementor-size-medium{font-size:19px}.elementor-widget-heading .elementor-heading-title.elementor-size-large{font-size:29px}.elementor-widget-heading .elementor-heading-title.elementor-size-xl{font-size:39px}.elementor-widget-heading .elementor-heading-title.elementor-size-xxl{font-size:59px}<\/style><h2 class=\"elementor-heading-title elementor-size-default\">Kasutajaliideste (UI) allhanke ja projekteerimine<\/h2>\t\t<\/div>\n\t\t\t\t<\/div>\n\t\t<div class=\"elementor-element elementor-element-5995ca23 e-con-full e-flex e-con e-child\" data-id=\"5995ca23\" data-element_type=\"container\" data-settings=\"{&quot;content_width&quot;:&quot;full&quot;}\">\n\t\t\t\t<div class=\"elementor-element elementor-element-3371baba elementor-widget elementor-widget-text-editor\" data-id=\"3371baba\" data-element_type=\"widget\" data-widget_type=\"text-editor.default\">\n\t\t\t\t<div class=\"elementor-widget-container\">\n\t\t\t<style>\/*! elementor - v3.19.0 - 29-01-2024 *\/\n.elementor-widget-text-editor.elementor-drop-cap-view-stacked .elementor-drop-cap{background-color:#69727d;color:#fff}.elementor-widget-text-editor.elementor-drop-cap-view-framed .elementor-drop-cap{color:#69727d;border:3px solid;background-color:transparent}.elementor-widget-text-editor:not(.elementor-drop-cap-view-default) .elementor-drop-cap{margin-top:8px}.elementor-widget-text-editor:not(.elementor-drop-cap-view-default) .elementor-drop-cap-letter{width:1em;height:1em}.elementor-widget-text-editor .elementor-drop-cap{float:left;text-align:center;line-height:1;font-size:50px}.elementor-widget-text-editor .elementor-drop-cap-letter{display:inline-block}<\/style>\t\t\t\t<p>Me oleme peamiselt kodeerijad ja m\u00f5istame, kui olulist rolli m\u00e4ngib teie projektis suurep\u00e4rase v\u00e4limusega ja t\u00f5hus kasutajaliides.Meil on kogemusi meeskondade loomisel, mis peavad silmas disaini kui projekti edu p\u00f5hilist osa.\u00a0<br \/>on alati olnud huvitavam olla ainult kodeerija poolel, kuid turg sundis meid oma strateegiat uuesti l\u00e4bi vaatama ja me hakkasime kasvatama mitmeid andekaid inimesi ning see loominguline meeskond aitab n\u00fc\u00fcd meie klientide disainivajadusi, lisades harmooniat ja ilu meie programmeerimisp\u00fc\u00fcdlustesse. Disainimeeskond vastutab kasutajaliideste loomise, kasutajakogemuste kujundamise, trajektooride loomise, logode ja identiteedi v\u00e4ljat\u00f6\u00f6tamise, visandamise, illustreerimise, 3D-graafika ning mobiil- ja veebirakenduste liideste kujundamise eest.<\/p><p>meil on kogemusi kogu selles kasutajaliidese raamistike ja tehnoloogia valdkonnas:<\/p><ul><li>HTML - Front-end arendus<\/li><li>CSS - Front-end arendus<\/li><li>JavaScript - Front-end arendus<\/li><\/ul>\t\t\t\t\t\t<\/div>\n\t\t\t\t<\/div>\n\t\t\t\t<\/div>\n\t\t\t\t<\/div>\n\t\t\t\t\t<\/div>\n\t\t\t\t<\/div>\n\t\t<div class=\"elementor-element elementor-element-514de7d9 e-flex e-con-boxed e-con e-parent\" data-id=\"514de7d9\" data-element_type=\"container\" data-settings=\"{&quot;background_background&quot;:&quot;classic&quot;,&quot;content_width&quot;:&quot;boxed&quot;}\" data-core-v316-plus=\"true\">\n\t\t\t\t\t<div class=\"e-con-inner\">\n\t\t\t\t<div class=\"elementor-element elementor-element-63e1934b elementor-widget elementor-widget-heading\" data-id=\"63e1934b\" data-element_type=\"widget\" data-widget_type=\"heading.default\">\n\t\t\t\t<div class=\"elementor-widget-container\">\n\t\t\t<h2 class=\"elementor-heading-title elementor-size-default\">Olete vaid \u00fche sammu kaugusel oma j\u00e4rgmise projekti algusest<\/h2>\t\t<\/div>\n\t\t\t\t<\/div>\n\t\t\t\t<div class=\"elementor-element elementor-element-7c964d0d elementor-align-center elementor-widget elementor-widget-button\" data-id=\"7c964d0d\" data-element_type=\"widget\" data-widget_type=\"button.default\">\n\t\t\t\t<div class=\"elementor-widget-container\">\n\t\t\t\t\t<div class=\"elementor-button-wrapper\">\n\t\t\t<a class=\"elementor-button elementor-button-link elementor-size-lg\" href=\"#elementor-action:action=popup:open&settings=eyJpZCI6IjQ5MyIsInRvZ2dsZSI6ZmFsc2V9\">\n\t\t\t\t\t\t<span class=\"elementor-button-content-wrapper\">\n\t\t\t\t\t\t<span class=\"elementor-button-text\">V\u00d5TA MEIEGA \u00dcHENDUST<\/span>\n\t\t<\/span>\n\t\t\t\t\t<\/a>\n\t\t<\/div>\n\t\t\t\t<\/div>\n\t\t\t\t<\/div>\n\t\t\t\t\t<\/div>\n\t\t\t\t<\/div>\n\t\t\t\t<\/div>","protected":false},"excerpt":{"rendered":"<p>Kasutajaliidese (UI) allhankimine ja disain Oleme peamiselt kodeerijad ja m\u00f5istame, kui olulist rolli m\u00e4ngib teie projektis suurep\u00e4rase v\u00e4limusega ja t\u00f5hus kasutajaliides.Meil on kogemusi meeskondade loomisel, mis on disainiga seotud, mis on teie projekti edu p\u00f5hiline osa. see on alati olnud huvitavam olla [...]<\/p>","protected":false},"author":1,"featured_media":0,"parent":0,"menu_order":0,"comment_status":"closed","ping_status":"closed","template":"elementor_header_footer","meta":{"footnotes":""},"class_list":["post-295","page","type-page","status-publish","hentry"],"acf":[],"yoast_head":"<!-- This site is optimized with the Yoast SEO Premium plugin v22.0 (Yoast SEO v22.0) - https:\/\/yoast.com\/wordpress\/plugins\/seo\/ -->\n<title>design in outsourcing software development - Akox Development<\/title>\n<meta name=\"robots\" content=\"index, follow, max-snippet:-1, max-image-preview:large, max-video-preview:-1\" \/>\n<link rel=\"canonical\" href=\"https:\/\/akoxdev.com\/et\/projekteerimine-tarkvaraarenduse-allhanke-korras\/\" \/>\n<meta property=\"og:locale\" content=\"et_EE\" \/>\n<meta property=\"og:type\" content=\"article\" \/>\n<meta property=\"og:title\" content=\"design in outsourcing software development\" \/>\n<meta property=\"og:description\" content=\"Outsourcing and Design of User Interfaces (UI) We are primarily coders and we understand the important part that a great looking and effective User Interface is playing in your own porject.We are experienced in creating teams which have design in mind as fundamental part of your project success.\u00a0it have been always more interesting to be [&hellip;]\" \/>\n<meta property=\"og:url\" content=\"https:\/\/akoxdev.com\/et\/projekteerimine-tarkvaraarenduse-allhanke-korras\/\" \/>\n<meta property=\"og:site_name\" content=\"Akox Development\" \/>\n<meta property=\"article:modified_time\" content=\"2024-02-07T18:25:51+00:00\" \/>\n<meta name=\"twitter:card\" content=\"summary_large_image\" \/>\n<meta name=\"twitter:label1\" content=\"Est. reading time\" \/>\n\t<meta name=\"twitter:data1\" content=\"1 minut\" \/>\n<script type=\"application\/ld+json\" class=\"yoast-schema-graph\">{\"@context\":\"https:\/\/schema.org\",\"@graph\":[{\"@type\":\"WebPage\",\"@id\":\"https:\/\/akoxdev.com\/design-in-outsourcing-software-development\/\",\"url\":\"https:\/\/akoxdev.com\/design-in-outsourcing-software-development\/\",\"name\":\"design in outsourcing software development - Akox Development\",\"isPartOf\":{\"@id\":\"https:\/\/akoxdev.com\/ru\/#website\"},\"datePublished\":\"2024-02-05T14:48:54+00:00\",\"dateModified\":\"2024-02-07T18:25:51+00:00\",\"breadcrumb\":{\"@id\":\"https:\/\/akoxdev.com\/design-in-outsourcing-software-development\/#breadcrumb\"},\"inLanguage\":\"et\",\"potentialAction\":[{\"@type\":\"ReadAction\",\"target\":[\"https:\/\/akoxdev.com\/design-in-outsourcing-software-development\/\"]}]},{\"@type\":\"BreadcrumbList\",\"@id\":\"https:\/\/akoxdev.com\/design-in-outsourcing-software-development\/#breadcrumb\",\"itemListElement\":[{\"@type\":\"ListItem\",\"position\":1,\"name\":\"Home\",\"item\":\"https:\/\/akoxdev.com\/\"},{\"@type\":\"ListItem\",\"position\":2,\"name\":\"design in outsourcing software development\"}]},{\"@type\":\"WebSite\",\"@id\":\"https:\/\/akoxdev.com\/ru\/#website\",\"url\":\"https:\/\/akoxdev.com\/ru\/\",\"name\":\"Akox Development\",\"description\":\"Akox Development O\u00dc\",\"publisher\":{\"@id\":\"https:\/\/akoxdev.com\/ru\/#organization\"},\"potentialAction\":[{\"@type\":\"SearchAction\",\"target\":{\"@type\":\"EntryPoint\",\"urlTemplate\":\"https:\/\/akoxdev.com\/ru\/?s={search_term_string}\"},\"query-input\":\"required name=search_term_string\"}],\"inLanguage\":\"et\"},{\"@type\":\"Organization\",\"@id\":\"https:\/\/akoxdev.com\/ru\/#organization\",\"name\":\"Akox Development\",\"url\":\"https:\/\/akoxdev.com\/ru\/\",\"logo\":{\"@type\":\"ImageObject\",\"inLanguage\":\"et\",\"@id\":\"https:\/\/akoxdev.com\/ru\/#\/schema\/logo\/image\/\",\"url\":\"https:\/\/akoxdev.com\/wp-content\/uploads\/2024\/02\/Akox_Development_logo_big.jpg\",\"contentUrl\":\"https:\/\/akoxdev.com\/wp-content\/uploads\/2024\/02\/Akox_Development_logo_big.jpg\",\"width\":1337,\"height\":586,\"caption\":\"Akox Development\"},\"image\":{\"@id\":\"https:\/\/akoxdev.com\/ru\/#\/schema\/logo\/image\/\"}}]}<\/script>\n<!-- \/ Yoast SEO Premium plugin. -->","yoast_head_json":{"title":"design in outsourcing software development - Akox Development","robots":{"index":"index","follow":"follow","max-snippet":"max-snippet:-1","max-image-preview":"max-image-preview:large","max-video-preview":"max-video-preview:-1"},"canonical":"https:\/\/akoxdev.com\/et\/projekteerimine-tarkvaraarenduse-allhanke-korras\/","og_locale":"et_EE","og_type":"article","og_title":"design in outsourcing software development","og_description":"Outsourcing and Design of User Interfaces (UI) We are primarily coders and we understand the important part that a great looking and effective User Interface is playing in your own porject.We are experienced in creating teams which have design in mind as fundamental part of your project success.\u00a0it have been always more interesting to be [&hellip;]","og_url":"https:\/\/akoxdev.com\/et\/projekteerimine-tarkvaraarenduse-allhanke-korras\/","og_site_name":"Akox Development","article_modified_time":"2024-02-07T18:25:51+00:00","twitter_card":"summary_large_image","twitter_misc":{"Est. reading time":"1 minut"},"schema":{"@context":"https:\/\/schema.org","@graph":[{"@type":"WebPage","@id":"https:\/\/akoxdev.com\/design-in-outsourcing-software-development\/","url":"https:\/\/akoxdev.com\/design-in-outsourcing-software-development\/","name":"design in outsourcing software development - Akox Development","isPartOf":{"@id":"https:\/\/akoxdev.com\/ru\/#website"},"datePublished":"2024-02-05T14:48:54+00:00","dateModified":"2024-02-07T18:25:51+00:00","breadcrumb":{"@id":"https:\/\/akoxdev.com\/design-in-outsourcing-software-development\/#breadcrumb"},"inLanguage":"et","potentialAction":[{"@type":"ReadAction","target":["https:\/\/akoxdev.com\/design-in-outsourcing-software-development\/"]}]},{"@type":"BreadcrumbList","@id":"https:\/\/akoxdev.com\/design-in-outsourcing-software-development\/#breadcrumb","itemListElement":[{"@type":"ListItem","position":1,"name":"Home","item":"https:\/\/akoxdev.com\/"},{"@type":"ListItem","position":2,"name":"design in outsourcing software development"}]},{"@type":"WebSite","@id":"https:\/\/akoxdev.com\/ru\/#website","url":"https:\/\/akoxdev.com\/ru\/","name":"Akox Development","description":"Akox Development O\u00dc","publisher":{"@id":"https:\/\/akoxdev.com\/ru\/#organization"},"potentialAction":[{"@type":"SearchAction","target":{"@type":"EntryPoint","urlTemplate":"https:\/\/akoxdev.com\/ru\/?s={search_term_string}"},"query-input":"required name=search_term_string"}],"inLanguage":"et"},{"@type":"Organization","@id":"https:\/\/akoxdev.com\/ru\/#organization","name":"Akox Development","url":"https:\/\/akoxdev.com\/ru\/","logo":{"@type":"ImageObject","inLanguage":"et","@id":"https:\/\/akoxdev.com\/ru\/#\/schema\/logo\/image\/","url":"https:\/\/akoxdev.com\/wp-content\/uploads\/2024\/02\/Akox_Development_logo_big.jpg","contentUrl":"https:\/\/akoxdev.com\/wp-content\/uploads\/2024\/02\/Akox_Development_logo_big.jpg","width":1337,"height":586,"caption":"Akox Development"},"image":{"@id":"https:\/\/akoxdev.com\/ru\/#\/schema\/logo\/image\/"}}]}},"_links":{"self":[{"href":"https:\/\/akoxdev.com\/et\/wp-json\/wp\/v2\/pages\/295","targetHints":{"allow":["GET"]}}],"collection":[{"href":"https:\/\/akoxdev.com\/et\/wp-json\/wp\/v2\/pages"}],"about":[{"href":"https:\/\/akoxdev.com\/et\/wp-json\/wp\/v2\/types\/page"}],"author":[{"embeddable":true,"href":"https:\/\/akoxdev.com\/et\/wp-json\/wp\/v2\/users\/1"}],"replies":[{"embeddable":true,"href":"https:\/\/akoxdev.com\/et\/wp-json\/wp\/v2\/comments?post=295"}],"version-history":[{"count":8,"href":"https:\/\/akoxdev.com\/et\/wp-json\/wp\/v2\/pages\/295\/revisions"}],"predecessor-version":[{"id":661,"href":"https:\/\/akoxdev.com\/et\/wp-json\/wp\/v2\/pages\/295\/revisions\/661"}],"wp:attachment":[{"href":"https:\/\/akoxdev.com\/et\/wp-json\/wp\/v2\/media?parent=295"}],"curies":[{"name":"wp","href":"https:\/\/api.w.org\/{rel}","templated":true}]}}