{"id":293,"date":"2024-02-05T14:47:43","date_gmt":"2024-02-05T14:47:43","guid":{"rendered":"https:\/\/akoxdev.pikapod.net\/?page_id=293"},"modified":"2024-02-07T18:30:22","modified_gmt":"2024-02-07T18:30:22","slug":"strategy-in-outsourcing-software-development","status":"publish","type":"page","link":"https:\/\/akoxdev.com\/et\/strateegia-tarkvaraarenduse-allhanke-puhul\/","title":{"rendered":"strateegia tarkvaraarenduse allhanke puhul"},"content":{"rendered":"<div data-elementor-type=\"wp-page\" data-elementor-id=\"293\" class=\"elementor elementor-293\" data-elementor-post-type=\"page\">\n\t\t\t\t<div class=\"elementor-element elementor-element-5802a716 e-flex e-con-boxed e-con e-parent\" data-id=\"5802a716\" data-element_type=\"container\" data-settings=\"{&quot;background_background&quot;:&quot;classic&quot;,&quot;content_width&quot;:&quot;boxed&quot;}\" data-core-v316-plus=\"true\">\n\t\t\t\t\t<div class=\"e-con-inner\">\n\t\t<div class=\"elementor-element elementor-element-61dc6bd2 e-con-full e-flex e-con e-child\" data-id=\"61dc6bd2\" data-element_type=\"container\" data-settings=\"{&quot;background_background&quot;:&quot;classic&quot;,&quot;content_width&quot;:&quot;full&quot;}\">\n\t\t\t\t<div class=\"elementor-element elementor-element-4e4d7bbf elementor-widget elementor-widget-heading\" data-id=\"4e4d7bbf\" data-element_type=\"widget\" data-widget_type=\"heading.default\">\n\t\t\t\t<div class=\"elementor-widget-container\">\n\t\t\t<style>\/*! elementor - v3.19.0 - 29-01-2024 *\/\n.elementor-heading-title{padding:0;margin:0;line-height:1}.elementor-widget-heading .elementor-heading-title[class*=elementor-size-]>a{color:inherit;font-size:inherit;line-height:inherit}.elementor-widget-heading .elementor-heading-title.elementor-size-small{font-size:15px}.elementor-widget-heading .elementor-heading-title.elementor-size-medium{font-size:19px}.elementor-widget-heading .elementor-heading-title.elementor-size-large{font-size:29px}.elementor-widget-heading .elementor-heading-title.elementor-size-xl{font-size:39px}.elementor-widget-heading .elementor-heading-title.elementor-size-xxl{font-size:59px}<\/style><h2 class=\"elementor-heading-title elementor-size-default\">strateegia oma projekti allhanke puhul <\/h2>\t\t<\/div>\n\t\t\t\t<\/div>\n\t\t<div class=\"elementor-element elementor-element-68ccc42 e-con-full e-flex e-con e-child\" data-id=\"68ccc42\" data-element_type=\"container\" data-settings=\"{&quot;content_width&quot;:&quot;full&quot;}\">\n\t\t\t\t<div class=\"elementor-element elementor-element-102e35d2 elementor-widget elementor-widget-text-editor\" data-id=\"102e35d2\" data-element_type=\"widget\" data-widget_type=\"text-editor.default\">\n\t\t\t\t<div class=\"elementor-widget-container\">\n\t\t\t<style>\/*! elementor - v3.19.0 - 29-01-2024 *\/\n.elementor-widget-text-editor.elementor-drop-cap-view-stacked .elementor-drop-cap{background-color:#69727d;color:#fff}.elementor-widget-text-editor.elementor-drop-cap-view-framed .elementor-drop-cap{color:#69727d;border:3px solid;background-color:transparent}.elementor-widget-text-editor:not(.elementor-drop-cap-view-default) .elementor-drop-cap{margin-top:8px}.elementor-widget-text-editor:not(.elementor-drop-cap-view-default) .elementor-drop-cap-letter{width:1em;height:1em}.elementor-widget-text-editor .elementor-drop-cap{float:left;text-align:center;line-height:1;font-size:50px}.elementor-widget-text-editor .elementor-drop-cap-letter{display:inline-block}<\/style>\t\t\t\t<p>Tarkvaraarendus n\u00f5uab unikaalseid oskusi, muidugi on mitmeid viise, kuidas tulemust saavutada, te v\u00f5ite \u00f5ppida palju ise, v\u00f5tta kursusi, mentorlust ja l\u00f5puks olla v\u00f5imeline oma tarkvaraprojekte ise arendama, kuid kui me r\u00e4\u00e4gime ettev\u00f5tlusest ja v\u00f5imest luua ideest v\u00e4\u00e4rtust, siis on lugu hoopis teistsugune ja see n\u00f5uab oskusi, mida on v\u00e4ga raske leida \u00fchel inimesel.<\/p><p>T\u00f6\u00f6tasime v\u00e4lja kihilise l\u00e4henemisviisi, kus klient on kesksel kohal, projekti ideed ja ulatus on esikohal ning seej\u00e4rel on meie eesm\u00e4rk, et klient, olenemata teadmiste tasemest, saaks otsustada, milline l\u00e4henemisviis vastab tema soovidele paremini.<\/p><p>Akoxi arendusmeeskond kasutab iga kliendiprojekti jaoks ainult kontohaldurit, idee on lihtsustada teabe kogumist ja olla kindel vahendaja arendusmeeskonnaga, iga\u00fchel on oma roll ja \u00fclesanded ja taotlused ei kattu.<\/p><p>See l\u00e4henemisviis on osutunud k\u00f5ige t\u00f5husamaks, kui tegemist on struktureeritud projektidega ja kui kliendi poolel puuduvad IT-oskused.<\/p>\t\t\t\t\t\t<\/div>\n\t\t\t\t<\/div>\n\t\t\t\t<\/div>\n\t\t\t\t<\/div>\n\t\t\t\t\t<\/div>\n\t\t\t\t<\/div>\n\t\t<div class=\"elementor-element elementor-element-7264f6e8 e-flex e-con-boxed e-con e-parent\" data-id=\"7264f6e8\" data-element_type=\"container\" data-settings=\"{&quot;background_background&quot;:&quot;classic&quot;,&quot;content_width&quot;:&quot;boxed&quot;}\" data-core-v316-plus=\"true\">\n\t\t\t\t\t<div class=\"e-con-inner\">\n\t\t\t\t<div class=\"elementor-element elementor-element-6b4f2573 elementor-widget elementor-widget-heading\" data-id=\"6b4f2573\" data-element_type=\"widget\" data-widget_type=\"heading.default\">\n\t\t\t\t<div class=\"elementor-widget-container\">\n\t\t\t<h2 class=\"elementor-heading-title elementor-size-default\">Olete vaid \u00fche sammu kaugusel oma j\u00e4rgmise projekti algusest<\/h2>\t\t<\/div>\n\t\t\t\t<\/div>\n\t\t\t\t<div class=\"elementor-element elementor-element-320e36ef elementor-align-center elementor-widget elementor-widget-button\" data-id=\"320e36ef\" data-element_type=\"widget\" data-widget_type=\"button.default\">\n\t\t\t\t<div class=\"elementor-widget-container\">\n\t\t\t\t\t<div class=\"elementor-button-wrapper\">\n\t\t\t<a class=\"elementor-button elementor-button-link elementor-size-lg\" href=\"#elementor-action:action=popup:open&settings=eyJpZCI6IjQ5MyIsInRvZ2dsZSI6ZmFsc2V9\">\n\t\t\t\t\t\t<span class=\"elementor-button-content-wrapper\">\n\t\t\t\t\t\t<span class=\"elementor-button-text\">V\u00d5TA MEIEGA \u00dcHENDUST<\/span>\n\t\t<\/span>\n\t\t\t\t\t<\/a>\n\t\t<\/div>\n\t\t\t\t<\/div>\n\t\t\t\t<\/div>\n\t\t\t\t\t<\/div>\n\t\t\t\t<\/div>\n\t\t\t\t<\/div>","protected":false},"excerpt":{"rendered":"<p>Strateegia oma projekti sisseostmisel Tarkvaraarendus n\u00f5uab unikaalset oskuste komplekti, muidugi on mitmeid v\u00f5imalusi tulemuse saavutamiseks, v\u00f5ite ise palju \u00f5ppida, v\u00f5tta kursusi, mentorlust ja l\u00f5puks olla v\u00f5imeline oma tarkvaraprojekte ise arendama, kuid kui me r\u00e4\u00e4gime ettev\u00f5tlusest ja suutlikkusest genereerida [...]<\/p>","protected":false},"author":1,"featured_media":0,"parent":0,"menu_order":0,"comment_status":"closed","ping_status":"closed","template":"elementor_header_footer","meta":{"footnotes":""},"class_list":["post-293","page","type-page","status-publish","hentry"],"acf":[],"yoast_head":"<!-- This site is optimized with the Yoast SEO Premium plugin v22.0 (Yoast SEO v22.0) - https:\/\/yoast.com\/wordpress\/plugins\/seo\/ -->\n<title>strategy in outsourcing software development - Akox Development<\/title>\n<meta name=\"robots\" content=\"index, follow, max-snippet:-1, max-image-preview:large, max-video-preview:-1\" \/>\n<link rel=\"canonical\" href=\"https:\/\/akoxdev.com\/et\/strateegia-tarkvaraarenduse-allhanke-puhul\/\" \/>\n<meta property=\"og:locale\" content=\"et_EE\" \/>\n<meta property=\"og:type\" content=\"article\" \/>\n<meta property=\"og:title\" content=\"strategy in outsourcing software development\" \/>\n<meta property=\"og:description\" content=\"the Strategy in Outsourcing your project Software development require unique set of skills, of course there are several way to achieve the result, you can learn a lot by yourself, take courses, mentorship and finally be able to develop your software projects by yourself, but if we talk about business and being able to generate [&hellip;]\" \/>\n<meta property=\"og:url\" content=\"https:\/\/akoxdev.com\/et\/strateegia-tarkvaraarenduse-allhanke-puhul\/\" \/>\n<meta property=\"og:site_name\" content=\"Akox Development\" \/>\n<meta property=\"article:modified_time\" content=\"2024-02-07T18:30:22+00:00\" \/>\n<meta name=\"twitter:card\" content=\"summary_large_image\" \/>\n<meta name=\"twitter:label1\" content=\"Est. reading time\" \/>\n\t<meta name=\"twitter:data1\" content=\"1 minut\" \/>\n<script type=\"application\/ld+json\" class=\"yoast-schema-graph\">{\"@context\":\"https:\/\/schema.org\",\"@graph\":[{\"@type\":\"WebPage\",\"@id\":\"https:\/\/akoxdev.com\/strategy-in-outsourcing-software-development\/\",\"url\":\"https:\/\/akoxdev.com\/strategy-in-outsourcing-software-development\/\",\"name\":\"strategy in outsourcing software development - Akox Development\",\"isPartOf\":{\"@id\":\"https:\/\/akoxdev.com\/ru\/#website\"},\"datePublished\":\"2024-02-05T14:47:43+00:00\",\"dateModified\":\"2024-02-07T18:30:22+00:00\",\"breadcrumb\":{\"@id\":\"https:\/\/akoxdev.com\/strategy-in-outsourcing-software-development\/#breadcrumb\"},\"inLanguage\":\"et\",\"potentialAction\":[{\"@type\":\"ReadAction\",\"target\":[\"https:\/\/akoxdev.com\/strategy-in-outsourcing-software-development\/\"]}]},{\"@type\":\"BreadcrumbList\",\"@id\":\"https:\/\/akoxdev.com\/strategy-in-outsourcing-software-development\/#breadcrumb\",\"itemListElement\":[{\"@type\":\"ListItem\",\"position\":1,\"name\":\"Home\",\"item\":\"https:\/\/akoxdev.com\/\"},{\"@type\":\"ListItem\",\"position\":2,\"name\":\"strategy in outsourcing software development\"}]},{\"@type\":\"WebSite\",\"@id\":\"https:\/\/akoxdev.com\/ru\/#website\",\"url\":\"https:\/\/akoxdev.com\/ru\/\",\"name\":\"Akox Development\",\"description\":\"Akox Development O\u00dc\",\"publisher\":{\"@id\":\"https:\/\/akoxdev.com\/ru\/#organization\"},\"potentialAction\":[{\"@type\":\"SearchAction\",\"target\":{\"@type\":\"EntryPoint\",\"urlTemplate\":\"https:\/\/akoxdev.com\/ru\/?s={search_term_string}\"},\"query-input\":\"required name=search_term_string\"}],\"inLanguage\":\"et\"},{\"@type\":\"Organization\",\"@id\":\"https:\/\/akoxdev.com\/ru\/#organization\",\"name\":\"Akox Development\",\"url\":\"https:\/\/akoxdev.com\/ru\/\",\"logo\":{\"@type\":\"ImageObject\",\"inLanguage\":\"et\",\"@id\":\"https:\/\/akoxdev.com\/ru\/#\/schema\/logo\/image\/\",\"url\":\"https:\/\/akoxdev.com\/wp-content\/uploads\/2024\/02\/Akox_Development_logo_big.jpg\",\"contentUrl\":\"https:\/\/akoxdev.com\/wp-content\/uploads\/2024\/02\/Akox_Development_logo_big.jpg\",\"width\":1337,\"height\":586,\"caption\":\"Akox Development\"},\"image\":{\"@id\":\"https:\/\/akoxdev.com\/ru\/#\/schema\/logo\/image\/\"}}]}<\/script>\n<!-- \/ Yoast SEO Premium plugin. -->","yoast_head_json":{"title":"strategy in outsourcing software development - Akox Development","robots":{"index":"index","follow":"follow","max-snippet":"max-snippet:-1","max-image-preview":"max-image-preview:large","max-video-preview":"max-video-preview:-1"},"canonical":"https:\/\/akoxdev.com\/et\/strateegia-tarkvaraarenduse-allhanke-puhul\/","og_locale":"et_EE","og_type":"article","og_title":"strategy in outsourcing software development","og_description":"the Strategy in Outsourcing your project Software development require unique set of skills, of course there are several way to achieve the result, you can learn a lot by yourself, take courses, mentorship and finally be able to develop your software projects by yourself, but if we talk about business and being able to generate [&hellip;]","og_url":"https:\/\/akoxdev.com\/et\/strateegia-tarkvaraarenduse-allhanke-puhul\/","og_site_name":"Akox Development","article_modified_time":"2024-02-07T18:30:22+00:00","twitter_card":"summary_large_image","twitter_misc":{"Est. reading time":"1 minut"},"schema":{"@context":"https:\/\/schema.org","@graph":[{"@type":"WebPage","@id":"https:\/\/akoxdev.com\/strategy-in-outsourcing-software-development\/","url":"https:\/\/akoxdev.com\/strategy-in-outsourcing-software-development\/","name":"strategy in outsourcing software development - Akox Development","isPartOf":{"@id":"https:\/\/akoxdev.com\/ru\/#website"},"datePublished":"2024-02-05T14:47:43+00:00","dateModified":"2024-02-07T18:30:22+00:00","breadcrumb":{"@id":"https:\/\/akoxdev.com\/strategy-in-outsourcing-software-development\/#breadcrumb"},"inLanguage":"et","potentialAction":[{"@type":"ReadAction","target":["https:\/\/akoxdev.com\/strategy-in-outsourcing-software-development\/"]}]},{"@type":"BreadcrumbList","@id":"https:\/\/akoxdev.com\/strategy-in-outsourcing-software-development\/#breadcrumb","itemListElement":[{"@type":"ListItem","position":1,"name":"Home","item":"https:\/\/akoxdev.com\/"},{"@type":"ListItem","position":2,"name":"strategy in outsourcing software development"}]},{"@type":"WebSite","@id":"https:\/\/akoxdev.com\/ru\/#website","url":"https:\/\/akoxdev.com\/ru\/","name":"Akox Development","description":"Akox Development O\u00dc","publisher":{"@id":"https:\/\/akoxdev.com\/ru\/#organization"},"potentialAction":[{"@type":"SearchAction","target":{"@type":"EntryPoint","urlTemplate":"https:\/\/akoxdev.com\/ru\/?s={search_term_string}"},"query-input":"required name=search_term_string"}],"inLanguage":"et"},{"@type":"Organization","@id":"https:\/\/akoxdev.com\/ru\/#organization","name":"Akox Development","url":"https:\/\/akoxdev.com\/ru\/","logo":{"@type":"ImageObject","inLanguage":"et","@id":"https:\/\/akoxdev.com\/ru\/#\/schema\/logo\/image\/","url":"https:\/\/akoxdev.com\/wp-content\/uploads\/2024\/02\/Akox_Development_logo_big.jpg","contentUrl":"https:\/\/akoxdev.com\/wp-content\/uploads\/2024\/02\/Akox_Development_logo_big.jpg","width":1337,"height":586,"caption":"Akox Development"},"image":{"@id":"https:\/\/akoxdev.com\/ru\/#\/schema\/logo\/image\/"}}]}},"_links":{"self":[{"href":"https:\/\/akoxdev.com\/et\/wp-json\/wp\/v2\/pages\/293","targetHints":{"allow":["GET"]}}],"collection":[{"href":"https:\/\/akoxdev.com\/et\/wp-json\/wp\/v2\/pages"}],"about":[{"href":"https:\/\/akoxdev.com\/et\/wp-json\/wp\/v2\/types\/page"}],"author":[{"embeddable":true,"href":"https:\/\/akoxdev.com\/et\/wp-json\/wp\/v2\/users\/1"}],"replies":[{"embeddable":true,"href":"https:\/\/akoxdev.com\/et\/wp-json\/wp\/v2\/comments?post=293"}],"version-history":[{"count":8,"href":"https:\/\/akoxdev.com\/et\/wp-json\/wp\/v2\/pages\/293\/revisions"}],"predecessor-version":[{"id":676,"href":"https:\/\/akoxdev.com\/et\/wp-json\/wp\/v2\/pages\/293\/revisions\/676"}],"wp:attachment":[{"href":"https:\/\/akoxdev.com\/et\/wp-json\/wp\/v2\/media?parent=293"}],"curies":[{"name":"wp","href":"https:\/\/api.w.org\/{rel}","templated":true}]}}