{"id":289,"date":"2024-02-05T14:44:38","date_gmt":"2024-02-05T14:44:38","guid":{"rendered":"https:\/\/akoxdev.pikapod.net\/?page_id=289"},"modified":"2024-02-07T18:27:42","modified_gmt":"2024-02-07T18:27:42","slug":"outsourcing-development-services-for-established-business","status":"publish","type":"page","link":"https:\/\/akoxdev.com\/et\/pealeht\/arendusteenuste-sisseostmine-valjakujunenud-arile\/","title":{"rendered":"arendusteenuste sisseostmine v\u00e4ljakujunenud \u00e4rile"},"content":{"rendered":"<div data-elementor-type=\"wp-page\" data-elementor-id=\"289\" class=\"elementor elementor-289\" data-elementor-post-type=\"page\">\n\t\t\t\t<div class=\"elementor-element elementor-element-1d007090 e-flex e-con-boxed e-con e-parent\" data-id=\"1d007090\" data-element_type=\"container\" data-settings=\"{&quot;background_background&quot;:&quot;classic&quot;,&quot;content_width&quot;:&quot;boxed&quot;}\" data-core-v316-plus=\"true\">\n\t\t\t\t\t<div class=\"e-con-inner\">\n\t\t<div class=\"elementor-element elementor-element-32fa2781 e-con-full e-flex e-con e-child\" data-id=\"32fa2781\" data-element_type=\"container\" data-settings=\"{&quot;background_background&quot;:&quot;classic&quot;,&quot;content_width&quot;:&quot;full&quot;}\">\n\t\t\t\t<div class=\"elementor-element elementor-element-7ae1caa8 elementor-widget elementor-widget-heading\" data-id=\"7ae1caa8\" data-element_type=\"widget\" data-widget_type=\"heading.default\">\n\t\t\t\t<div class=\"elementor-widget-container\">\n\t\t\t<style>\/*! elementor - v3.19.0 - 29-01-2024 *\/\n.elementor-heading-title{padding:0;margin:0;line-height:1}.elementor-widget-heading .elementor-heading-title[class*=elementor-size-]>a{color:inherit;font-size:inherit;line-height:inherit}.elementor-widget-heading .elementor-heading-title.elementor-size-small{font-size:15px}.elementor-widget-heading .elementor-heading-title.elementor-size-medium{font-size:19px}.elementor-widget-heading .elementor-heading-title.elementor-size-large{font-size:29px}.elementor-widget-heading .elementor-heading-title.elementor-size-xl{font-size:39px}.elementor-widget-heading .elementor-heading-title.elementor-size-xxl{font-size:59px}<\/style><h2 class=\"elementor-heading-title elementor-size-default\">Tarkvaraarenduse teenuse sisseostmine v\u00e4ljakujunenud \u00e4rile<\/h2>\t\t<\/div>\n\t\t\t\t<\/div>\n\t\t<div class=\"elementor-element elementor-element-3fecae88 e-con-full e-flex e-con e-child\" data-id=\"3fecae88\" data-element_type=\"container\" data-settings=\"{&quot;content_width&quot;:&quot;full&quot;}\">\n\t\t\t\t<div class=\"elementor-element elementor-element-6fd1f770 elementor-widget elementor-widget-text-editor\" data-id=\"6fd1f770\" data-element_type=\"widget\" data-widget_type=\"text-editor.default\">\n\t\t\t\t<div class=\"elementor-widget-container\">\n\t\t\t<style>\/*! elementor - v3.19.0 - 29-01-2024 *\/\n.elementor-widget-text-editor.elementor-drop-cap-view-stacked .elementor-drop-cap{background-color:#69727d;color:#fff}.elementor-widget-text-editor.elementor-drop-cap-view-framed .elementor-drop-cap{color:#69727d;border:3px solid;background-color:transparent}.elementor-widget-text-editor:not(.elementor-drop-cap-view-default) .elementor-drop-cap{margin-top:8px}.elementor-widget-text-editor:not(.elementor-drop-cap-view-default) .elementor-drop-cap-letter{width:1em;height:1em}.elementor-widget-text-editor .elementor-drop-cap{float:left;text-align:center;line-height:1;font-size:50px}.elementor-widget-text-editor .elementor-drop-cap-letter{display:inline-block}<\/style>\t\t\t\t<p>Mingil hetkel oma ettev\u00f5tte kasvu ajal k\u00fcsite endalt j\u00e4rgmisi k\u00fcsimusi:<\/p><p>Kuidas ma saan aru, millal IT-teenuste allhankimine minu ettev\u00f5ttele kasulik on?<br \/>Kui ma olen otsustanud oma IT-teenused sisse osta, kuidas valida oma vajadustele k\u00f5ige sobivam teenusepakkuja?<\/p><p>Nendele k\u00fcsimustele vastamiseks tasub uurida parimaid tavasid ja peamisi p\u00f5hjusi, miks v\u00e4ljakujunenud ettev\u00f5tted kasutavad sageli IT-teenuste allhankimist.<\/p><p>Tegevuskulude v\u00e4hendamine h\u00f5lmab tavaliselt \u00e4riprotsesside automatiseerimist ja juhtimistarkvara rakendamist, et toetada t\u00f6\u00f6tajate, klientide ja lao vajadusi.<br \/>Kohandatud ERP (Enterprise Resource Planning) s\u00fcsteemid on iteratiivselt loodud teie \u00e4ri silmas pidades, nii et te ei pea muutma oma t\u00f6\u00f6korraldust. Lisaks sellele v\u00f5ivad kohandatud ERP-s\u00fcsteemid olla nii paindlikud, kui soovite, s\u00e4\u00e4stes teid liigsete tasude maksmisest valmis ERP-s\u00fcsteemide kohandamise eest.<br \/><br \/><\/p>\t\t\t\t\t\t<\/div>\n\t\t\t\t<\/div>\n\t\t\t\t<\/div>\n\t\t\t\t<\/div>\n\t\t<div class=\"elementor-element elementor-element-66c5c14 e-con-full e-flex e-con e-child\" data-id=\"66c5c14\" data-element_type=\"container\" data-settings=\"{&quot;content_width&quot;:&quot;full&quot;,&quot;background_background&quot;:&quot;classic&quot;}\">\n\t\t<div class=\"elementor-element elementor-element-3fc34b4a e-con-full e-flex e-con e-child\" data-id=\"3fc34b4a\" data-element_type=\"container\" data-settings=\"{&quot;content_width&quot;:&quot;full&quot;}\">\n\t\t\t\t<div class=\"elementor-element elementor-element-7c939fdd elementor-widget elementor-widget-text-editor\" data-id=\"7c939fdd\" data-element_type=\"widget\" data-widget_type=\"text-editor.default\">\n\t\t\t\t<div class=\"elementor-widget-container\">\n\t\t\t\t\t\t\t<p>laiendada oma \u00e4ri uutele turgudele, n\u00e4iteks siseneda mobiilside valdkonda v\u00f5i v\u00f5tta kasutusele t\u00e4iesti uus e-kaubanduse funktsioon.<br \/>Ettev\u00f5tete automatiseerimine tootmisliinide ja m\u00fc\u00fcgipunktide (POS) tarkvara abil: Vana tarkvara kohandamine teie praegusele t\u00f6\u00f6voogudele v\u00f5ib olla aegan\u00f5udev ja kulukas.<\/p><p>N\u00e4htava ja m\u00f5\u00f5detava v\u00e4\u00e4rtuse toomine ettev\u00f5ttele on t\u00e4htsaim tegur, mida ettev\u00f5tjad kaaluvad ideaalse allhankepartneri valimisel. Muude kaalutluste hulka kuulub sellise allhankepartneri leidmine, kes jagab arendus- ja integratsiooniriske, samuti koost\u00f6\u00f6 partneriga, kes m\u00f5istab t\u00e4ielikult ettev\u00f5tet ja selle integratsioonin\u00f5udeid.<\/p><p>Et need kriteeriumid langeksid ideaalselt kokku, peab teie allhankija suutma esitada \u00f5igel ajal \u00f5igeid k\u00fcsimusi. Selle tulemusena on teie projekti n\u00f5uete kohta \u00fcksikasjaliku \u00fclevaate kogumine ja jagamine (eeldusel, et k\u00f5ik asjakohased konfidentsiaalsusn\u00f5uded on allkirjastatud) teie ettev\u00f5tte ja l\u00f5ppkokkuv\u00f5ttes kogu teie allhankevaldkonna huvides.<\/p><p>Head allhankepartnerid kohanevad ka teie eelistatud suhtlusstiiliga. Te peaksite suutma kohelda oma kaugt\u00f6\u00f6v\u00f5tjate meeskonda nii, nagu oleksid nad kohalikud t\u00f6\u00f6tajad. Kui soovite, et teil oleks \u00fcks kontaktpunkt, peavad allhankijate poolsed projektijuhid olema v\u00f5imelised edastama teie soovid kaugt\u00f6\u00f6tajate meeskonnale ja rakendama vajaduse korral muudatusi.<\/p>\t\t\t\t\t\t<\/div>\n\t\t\t\t<\/div>\n\t\t\t\t<\/div>\n\t\t\t\t<\/div>\n\t\t\t\t\t<\/div>\n\t\t\t\t<\/div>\n\t\t<div class=\"elementor-element elementor-element-7c744822 e-flex e-con-boxed e-con e-parent\" data-id=\"7c744822\" data-element_type=\"container\" data-settings=\"{&quot;background_background&quot;:&quot;classic&quot;,&quot;content_width&quot;:&quot;boxed&quot;}\" data-core-v316-plus=\"true\">\n\t\t\t\t\t<div class=\"e-con-inner\">\n\t\t\t\t<div class=\"elementor-element elementor-element-66162eb5 elementor-widget elementor-widget-heading\" data-id=\"66162eb5\" data-element_type=\"widget\" data-widget_type=\"heading.default\">\n\t\t\t\t<div class=\"elementor-widget-container\">\n\t\t\t<h2 class=\"elementor-heading-title elementor-size-default\">Olete vaid \u00fche sammu kaugusel oma j\u00e4rgmise projekti algusest<\/h2>\t\t<\/div>\n\t\t\t\t<\/div>\n\t\t\t\t<div class=\"elementor-element elementor-element-17e369f4 elementor-align-center elementor-widget elementor-widget-button\" data-id=\"17e369f4\" data-element_type=\"widget\" data-widget_type=\"button.default\">\n\t\t\t\t<div class=\"elementor-widget-container\">\n\t\t\t\t\t<div class=\"elementor-button-wrapper\">\n\t\t\t<a class=\"elementor-button elementor-button-link elementor-size-lg\" href=\"#elementor-action:action=popup:open&settings=eyJpZCI6IjQ5MyIsInRvZ2dsZSI6ZmFsc2V9\">\n\t\t\t\t\t\t<span class=\"elementor-button-content-wrapper\">\n\t\t\t\t\t\t<span class=\"elementor-button-text\">V\u00d5TA MEIEGA \u00dcHENDUST<\/span>\n\t\t<\/span>\n\t\t\t\t\t<\/a>\n\t\t<\/div>\n\t\t\t\t<\/div>\n\t\t\t\t<\/div>\n\t\t\t\t\t<\/div>\n\t\t\t\t<\/div>\n\t\t\t\t<\/div>","protected":false},"excerpt":{"rendered":"<p>Tarkvaraarenduse teenuse sisseostmine v\u00e4ljakujunenud ettev\u00f5ttele Mingil hetkel oma ettev\u00f5tte kasvu ajal k\u00fcsite endalt j\u00e4rgmisi k\u00fcsimusi: Kui ma olen otsustanud oma IT-teenused sisse osta, siis kuidas valida oma vajadustele k\u00f5ige sobivam teenusepakkuja? Nendele k\u00fcsimustele vastamiseks [...]<\/p>","protected":false},"author":1,"featured_media":0,"parent":18,"menu_order":0,"comment_status":"closed","ping_status":"closed","template":"elementor_header_footer","meta":{"footnotes":""},"class_list":["post-289","page","type-page","status-publish","hentry"],"acf":[],"yoast_head":"<!-- This site is optimized with the Yoast SEO Premium plugin v22.0 (Yoast SEO v22.0) - https:\/\/yoast.com\/wordpress\/plugins\/seo\/ -->\n<title>outsourcing development services for established business - Akox Development<\/title>\n<meta name=\"robots\" content=\"index, follow, max-snippet:-1, max-image-preview:large, max-video-preview:-1\" \/>\n<link rel=\"canonical\" href=\"https:\/\/akoxdev.com\/et\/pealeht\/arendusteenuste-sisseostmine-valjakujunenud-arile\/\" \/>\n<meta property=\"og:locale\" content=\"et_EE\" \/>\n<meta property=\"og:type\" content=\"article\" \/>\n<meta property=\"og:title\" content=\"outsourcing development services for established business\" \/>\n<meta property=\"og:description\" content=\"Outsourcing of software development service for established business At some point during the growth of your business, you will ask yourself the following questions: How can I tell when IT outsourcing will benefit my business?Once I&#8217;ve decided to outsource my IT, how do I choose the best provider for my requirements? To answer these questions, [&hellip;]\" \/>\n<meta property=\"og:url\" content=\"https:\/\/akoxdev.com\/et\/pealeht\/arendusteenuste-sisseostmine-valjakujunenud-arile\/\" \/>\n<meta property=\"og:site_name\" content=\"Akox Development\" \/>\n<meta property=\"article:modified_time\" content=\"2024-02-07T18:27:42+00:00\" \/>\n<meta name=\"twitter:card\" content=\"summary_large_image\" \/>\n<meta name=\"twitter:label1\" content=\"Est. reading time\" \/>\n\t<meta name=\"twitter:data1\" content=\"2 minutit\" \/>\n<script type=\"application\/ld+json\" class=\"yoast-schema-graph\">{\"@context\":\"https:\/\/schema.org\",\"@graph\":[{\"@type\":\"WebPage\",\"@id\":\"https:\/\/akoxdev.com\/main-page\/outsourcing-development-services-for-established-business\/\",\"url\":\"https:\/\/akoxdev.com\/main-page\/outsourcing-development-services-for-established-business\/\",\"name\":\"outsourcing development services for established business - Akox Development\",\"isPartOf\":{\"@id\":\"https:\/\/akoxdev.com\/ru\/#website\"},\"datePublished\":\"2024-02-05T14:44:38+00:00\",\"dateModified\":\"2024-02-07T18:27:42+00:00\",\"breadcrumb\":{\"@id\":\"https:\/\/akoxdev.com\/main-page\/outsourcing-development-services-for-established-business\/#breadcrumb\"},\"inLanguage\":\"et\",\"potentialAction\":[{\"@type\":\"ReadAction\",\"target\":[\"https:\/\/akoxdev.com\/main-page\/outsourcing-development-services-for-established-business\/\"]}]},{\"@type\":\"BreadcrumbList\",\"@id\":\"https:\/\/akoxdev.com\/main-page\/outsourcing-development-services-for-established-business\/#breadcrumb\",\"itemListElement\":[{\"@type\":\"ListItem\",\"position\":1,\"name\":\"Home\",\"item\":\"https:\/\/akoxdev.com\/\"},{\"@type\":\"ListItem\",\"position\":2,\"name\":\"Main Page\",\"item\":\"https:\/\/akoxdev.com\/\"},{\"@type\":\"ListItem\",\"position\":3,\"name\":\"outsourcing development services for established business\"}]},{\"@type\":\"WebSite\",\"@id\":\"https:\/\/akoxdev.com\/ru\/#website\",\"url\":\"https:\/\/akoxdev.com\/ru\/\",\"name\":\"Akox Development\",\"description\":\"Akox Development O\u00dc\",\"publisher\":{\"@id\":\"https:\/\/akoxdev.com\/ru\/#organization\"},\"potentialAction\":[{\"@type\":\"SearchAction\",\"target\":{\"@type\":\"EntryPoint\",\"urlTemplate\":\"https:\/\/akoxdev.com\/ru\/?s={search_term_string}\"},\"query-input\":\"required name=search_term_string\"}],\"inLanguage\":\"et\"},{\"@type\":\"Organization\",\"@id\":\"https:\/\/akoxdev.com\/ru\/#organization\",\"name\":\"Akox Development\",\"url\":\"https:\/\/akoxdev.com\/ru\/\",\"logo\":{\"@type\":\"ImageObject\",\"inLanguage\":\"et\",\"@id\":\"https:\/\/akoxdev.com\/ru\/#\/schema\/logo\/image\/\",\"url\":\"https:\/\/akoxdev.com\/wp-content\/uploads\/2024\/02\/Akox_Development_logo_big.jpg\",\"contentUrl\":\"https:\/\/akoxdev.com\/wp-content\/uploads\/2024\/02\/Akox_Development_logo_big.jpg\",\"width\":1337,\"height\":586,\"caption\":\"Akox Development\"},\"image\":{\"@id\":\"https:\/\/akoxdev.com\/ru\/#\/schema\/logo\/image\/\"}}]}<\/script>\n<!-- \/ Yoast SEO Premium plugin. -->","yoast_head_json":{"title":"outsourcing development services for established business - Akox Development","robots":{"index":"index","follow":"follow","max-snippet":"max-snippet:-1","max-image-preview":"max-image-preview:large","max-video-preview":"max-video-preview:-1"},"canonical":"https:\/\/akoxdev.com\/et\/pealeht\/arendusteenuste-sisseostmine-valjakujunenud-arile\/","og_locale":"et_EE","og_type":"article","og_title":"outsourcing development services for established business","og_description":"Outsourcing of software development service for established business At some point during the growth of your business, you will ask yourself the following questions: How can I tell when IT outsourcing will benefit my business?Once I&#8217;ve decided to outsource my IT, how do I choose the best provider for my requirements? To answer these questions, [&hellip;]","og_url":"https:\/\/akoxdev.com\/et\/pealeht\/arendusteenuste-sisseostmine-valjakujunenud-arile\/","og_site_name":"Akox Development","article_modified_time":"2024-02-07T18:27:42+00:00","twitter_card":"summary_large_image","twitter_misc":{"Est. reading time":"2 minutit"},"schema":{"@context":"https:\/\/schema.org","@graph":[{"@type":"WebPage","@id":"https:\/\/akoxdev.com\/main-page\/outsourcing-development-services-for-established-business\/","url":"https:\/\/akoxdev.com\/main-page\/outsourcing-development-services-for-established-business\/","name":"outsourcing development services for established business - Akox Development","isPartOf":{"@id":"https:\/\/akoxdev.com\/ru\/#website"},"datePublished":"2024-02-05T14:44:38+00:00","dateModified":"2024-02-07T18:27:42+00:00","breadcrumb":{"@id":"https:\/\/akoxdev.com\/main-page\/outsourcing-development-services-for-established-business\/#breadcrumb"},"inLanguage":"et","potentialAction":[{"@type":"ReadAction","target":["https:\/\/akoxdev.com\/main-page\/outsourcing-development-services-for-established-business\/"]}]},{"@type":"BreadcrumbList","@id":"https:\/\/akoxdev.com\/main-page\/outsourcing-development-services-for-established-business\/#breadcrumb","itemListElement":[{"@type":"ListItem","position":1,"name":"Home","item":"https:\/\/akoxdev.com\/"},{"@type":"ListItem","position":2,"name":"Main Page","item":"https:\/\/akoxdev.com\/"},{"@type":"ListItem","position":3,"name":"outsourcing development services for established business"}]},{"@type":"WebSite","@id":"https:\/\/akoxdev.com\/ru\/#website","url":"https:\/\/akoxdev.com\/ru\/","name":"Akox Development","description":"Akox Development O\u00dc","publisher":{"@id":"https:\/\/akoxdev.com\/ru\/#organization"},"potentialAction":[{"@type":"SearchAction","target":{"@type":"EntryPoint","urlTemplate":"https:\/\/akoxdev.com\/ru\/?s={search_term_string}"},"query-input":"required name=search_term_string"}],"inLanguage":"et"},{"@type":"Organization","@id":"https:\/\/akoxdev.com\/ru\/#organization","name":"Akox Development","url":"https:\/\/akoxdev.com\/ru\/","logo":{"@type":"ImageObject","inLanguage":"et","@id":"https:\/\/akoxdev.com\/ru\/#\/schema\/logo\/image\/","url":"https:\/\/akoxdev.com\/wp-content\/uploads\/2024\/02\/Akox_Development_logo_big.jpg","contentUrl":"https:\/\/akoxdev.com\/wp-content\/uploads\/2024\/02\/Akox_Development_logo_big.jpg","width":1337,"height":586,"caption":"Akox Development"},"image":{"@id":"https:\/\/akoxdev.com\/ru\/#\/schema\/logo\/image\/"}}]}},"_links":{"self":[{"href":"https:\/\/akoxdev.com\/et\/wp-json\/wp\/v2\/pages\/289","targetHints":{"allow":["GET"]}}],"collection":[{"href":"https:\/\/akoxdev.com\/et\/wp-json\/wp\/v2\/pages"}],"about":[{"href":"https:\/\/akoxdev.com\/et\/wp-json\/wp\/v2\/types\/page"}],"author":[{"embeddable":true,"href":"https:\/\/akoxdev.com\/et\/wp-json\/wp\/v2\/users\/1"}],"replies":[{"embeddable":true,"href":"https:\/\/akoxdev.com\/et\/wp-json\/wp\/v2\/comments?post=289"}],"version-history":[{"count":7,"href":"https:\/\/akoxdev.com\/et\/wp-json\/wp\/v2\/pages\/289\/revisions"}],"predecessor-version":[{"id":667,"href":"https:\/\/akoxdev.com\/et\/wp-json\/wp\/v2\/pages\/289\/revisions\/667"}],"up":[{"embeddable":true,"href":"https:\/\/akoxdev.com\/et\/wp-json\/wp\/v2\/pages\/18"}],"wp:attachment":[{"href":"https:\/\/akoxdev.com\/et\/wp-json\/wp\/v2\/media?parent=289"}],"curies":[{"name":"wp","href":"https:\/\/api.w.org\/{rel}","templated":true}]}}