{"id":286,"date":"2024-02-05T14:42:44","date_gmt":"2024-02-05T14:42:44","guid":{"rendered":"https:\/\/akoxdev.pikapod.net\/?page_id=286"},"modified":"2024-02-07T18:28:19","modified_gmt":"2024-02-07T18:28:19","slug":"outsourcing-development-services-for-startups","status":"publish","type":"page","link":"https:\/\/akoxdev.com\/et\/pealeht\/arendusteenuste-sisseostmine-alustavatele-ettevotetele\/","title":{"rendered":"arendusteenuste sisseostmine alustavatele ettev\u00f5tetele"},"content":{"rendered":"<div data-elementor-type=\"wp-page\" data-elementor-id=\"286\" class=\"elementor elementor-286\" data-elementor-post-type=\"page\">\n\t\t\t\t<div class=\"elementor-element elementor-element-1f94878c e-flex e-con-boxed e-con e-parent\" data-id=\"1f94878c\" data-element_type=\"container\" data-settings=\"{&quot;background_background&quot;:&quot;classic&quot;,&quot;content_width&quot;:&quot;boxed&quot;}\" data-core-v316-plus=\"true\">\n\t\t\t\t\t<div class=\"e-con-inner\">\n\t\t<div class=\"elementor-element elementor-element-6c4cddc e-con-full e-flex e-con e-child\" data-id=\"6c4cddc\" data-element_type=\"container\" data-settings=\"{&quot;background_background&quot;:&quot;classic&quot;,&quot;content_width&quot;:&quot;full&quot;}\">\n\t\t\t\t<div class=\"elementor-element elementor-element-236f3806 elementor-widget elementor-widget-heading\" data-id=\"236f3806\" data-element_type=\"widget\" data-widget_type=\"heading.default\">\n\t\t\t\t<div class=\"elementor-widget-container\">\n\t\t\t<style>\/*! elementor - v3.19.0 - 29-01-2024 *\/\n.elementor-heading-title{padding:0;margin:0;line-height:1}.elementor-widget-heading .elementor-heading-title[class*=elementor-size-]>a{color:inherit;font-size:inherit;line-height:inherit}.elementor-widget-heading .elementor-heading-title.elementor-size-small{font-size:15px}.elementor-widget-heading .elementor-heading-title.elementor-size-medium{font-size:19px}.elementor-widget-heading .elementor-heading-title.elementor-size-large{font-size:29px}.elementor-widget-heading .elementor-heading-title.elementor-size-xl{font-size:39px}.elementor-widget-heading .elementor-heading-title.elementor-size-xxl{font-size:59px}<\/style><h2 class=\"elementor-heading-title elementor-size-default\">Tarkvaraarendusteenuste allhankimine alustavatele ettev\u00f5tetele<\/h2>\t\t<\/div>\n\t\t\t\t<\/div>\n\t\t<div class=\"elementor-element elementor-element-37cf1670 e-con-full e-flex e-con e-child\" data-id=\"37cf1670\" data-element_type=\"container\" data-settings=\"{&quot;content_width&quot;:&quot;full&quot;}\">\n\t\t\t\t<div class=\"elementor-element elementor-element-288bab75 elementor-widget elementor-widget-text-editor\" data-id=\"288bab75\" data-element_type=\"widget\" data-widget_type=\"text-editor.default\">\n\t\t\t\t<div class=\"elementor-widget-container\">\n\t\t\t<style>\/*! elementor - v3.19.0 - 29-01-2024 *\/\n.elementor-widget-text-editor.elementor-drop-cap-view-stacked .elementor-drop-cap{background-color:#69727d;color:#fff}.elementor-widget-text-editor.elementor-drop-cap-view-framed .elementor-drop-cap{color:#69727d;border:3px solid;background-color:transparent}.elementor-widget-text-editor:not(.elementor-drop-cap-view-default) .elementor-drop-cap{margin-top:8px}.elementor-widget-text-editor:not(.elementor-drop-cap-view-default) .elementor-drop-cap-letter{width:1em;height:1em}.elementor-widget-text-editor .elementor-drop-cap{float:left;text-align:center;line-height:1;font-size:50px}.elementor-widget-text-editor .elementor-drop-cap-letter{display:inline-block}<\/style>\t\t\t\t<p>On mitmeid p\u00f5hjusi, miks allhangete tegemine on alustavatele ettev\u00f5tetele parim valik, ja iga\u00fcks neist on v\u00f5rdselt oluline. N\u00e4iteks v\u00e4listab allhankimine vajaduse luua arendusb\u00fcroo. Samuti v\u00f5imaldab see s\u00e4\u00e4sta raha t\u00f6\u00f6tajate v\u00e4rbamisel ja koolitusel. Lisaks tagab allhangete tegemine, et saate j\u00e4rjepidevat k\u00e4ivitamiseelset ja -j\u00e4rgset tuge ning kiire protot\u00fc\u00fcbi v\u00e4ljat\u00f6\u00f6tamise investorite rahastamiseks. K\u00f5ik need p\u00f5hjused on olulised, kuid on veel mitmeid teisi tegureid, mis on teie edu seisukohalt samav\u00f5rd olulised. Tegurid, mis on eriti olulised idufirmadele, kes soovivad panna kindla aluse mitte ainult oma ettev\u00f5ttele, vaid ka usaldusv\u00e4\u00e4rsele allhankepartnerile. Nende tegurite hulka kuuluvad:<\/p><ul><li>Ideed ja innovatsioon<\/li><li>Ainulaadsus, eelk\u00f5ige intellektuaalomandi optimeerimise osas.<\/li><li>Juurdep\u00e4\u00e4s uutele platvormidele ja nende \u00fchendamine.<\/li><li>Oskus luua potentsiaalsetele investoritele suurep\u00e4rane protot\u00fc\u00fcp<\/li><li>Paindlikkus, inimkapital ja finantskapital, et parandada ja t\u00e4iustada oma toodet\/teenust, kui hakkate investoreid koguma.<\/li><li>usaldus oma allhankepartneri vastu, eriti intellektuaalomandi osas.<\/li><\/ul><p>\u00a0<\/p>\t\t\t\t\t\t<\/div>\n\t\t\t\t<\/div>\n\t\t\t\t<\/div>\n\t\t\t\t<\/div>\n\t\t<div class=\"elementor-element elementor-element-12d86777 e-con-full e-flex e-con e-child\" data-id=\"12d86777\" data-element_type=\"container\" data-settings=\"{&quot;content_width&quot;:&quot;full&quot;,&quot;background_background&quot;:&quot;classic&quot;}\">\n\t\t<div class=\"elementor-element elementor-element-5b473b05 e-con-full e-flex e-con e-child\" data-id=\"5b473b05\" data-element_type=\"container\" data-settings=\"{&quot;content_width&quot;:&quot;full&quot;}\">\n\t\t\t\t<div class=\"elementor-element elementor-element-4f2fba27 elementor-widget elementor-widget-text-editor\" data-id=\"4f2fba27\" data-element_type=\"widget\" data-widget_type=\"text-editor.default\">\n\t\t\t\t<div class=\"elementor-widget-container\">\n\t\t\t\t\t\t\t<p>Allhankeprotsessi puhul pakub iteratiivne arendusprotsess tavaliselt k\u00f5ige suuremat paindlikkust ja v\u00f5imalusi ideede jagamiseks selliste uuenduslike projektide puhul, mille n\u00f5uded on kas m\u00e4\u00e4ratlemata v\u00f5i t\u00f5en\u00e4oliselt muutuvad arenduse k\u00e4igus. Kaugt\u00f6\u00f6partneri mudel areneb selles keskkonnas h\u00e4sti, sest see v\u00f5imaldab sagedast suhtlemist, j\u00e4rjepidevat keskendumist parimatele tavadele, l\u00fchikesi iteratsioone, korduvaid l\u00e4bivaatamisi ja kiireid tarneid. Lisaks sellele s\u00fcveneb iga allhankepartneri meeskonnaliige t\u00e4ielikult teie projekti, m\u00f5istab kliendisuhete v\u00e4\u00e4rtust ning suhtub teie arusaamadesse, ideedesse ja edupotentsiaali sama positiivselt kui teie ise.<\/p><div>Idufirmana on teil positiivne tulevikuv\u00e4ljavaade. Teie allhankija peaks jagama teie optimismi, mille tulemuseks on vastastikku kasulikud suhted, mis t\u00f5stavad k\u00f5igi m\u00e4ngu j\u00e4rgmisele tasemele.<br \/><br \/>Kui olete alustamas t\u00e4iesti uut platvormi v\u00f5i tarkvara\u00e4ri, aitavad \u00fclaltoodud teadmised leida kogenud ja kohanemisv\u00f5imelise allhankepartneri.<\/div>\t\t\t\t\t\t<\/div>\n\t\t\t\t<\/div>\n\t\t\t\t<\/div>\n\t\t\t\t<\/div>\n\t\t\t\t\t<\/div>\n\t\t\t\t<\/div>\n\t\t<div class=\"elementor-element elementor-element-731778fd e-flex e-con-boxed e-con e-parent\" data-id=\"731778fd\" data-element_type=\"container\" data-settings=\"{&quot;background_background&quot;:&quot;classic&quot;,&quot;content_width&quot;:&quot;boxed&quot;}\" data-core-v316-plus=\"true\">\n\t\t\t\t\t<div class=\"e-con-inner\">\n\t\t\t\t<div class=\"elementor-element elementor-element-1cc2544d elementor-widget elementor-widget-heading\" data-id=\"1cc2544d\" data-element_type=\"widget\" data-widget_type=\"heading.default\">\n\t\t\t\t<div class=\"elementor-widget-container\">\n\t\t\t<h2 class=\"elementor-heading-title elementor-size-default\">Olete vaid \u00fche sammu kaugusel oma j\u00e4rgmise projekti algusest<\/h2>\t\t<\/div>\n\t\t\t\t<\/div>\n\t\t\t\t<div class=\"elementor-element elementor-element-76dedf5d elementor-align-center elementor-widget elementor-widget-button\" data-id=\"76dedf5d\" data-element_type=\"widget\" data-widget_type=\"button.default\">\n\t\t\t\t<div class=\"elementor-widget-container\">\n\t\t\t\t\t<div class=\"elementor-button-wrapper\">\n\t\t\t<a class=\"elementor-button elementor-button-link elementor-size-lg\" href=\"#elementor-action:action=popup:open&settings=eyJpZCI6IjQ5MyIsInRvZ2dsZSI6ZmFsc2V9\">\n\t\t\t\t\t\t<span class=\"elementor-button-content-wrapper\">\n\t\t\t\t\t\t<span class=\"elementor-button-text\">V\u00d5TA MEIEGA \u00dcHENDUST<\/span>\n\t\t<\/span>\n\t\t\t\t\t<\/a>\n\t\t<\/div>\n\t\t\t\t<\/div>\n\t\t\t\t<\/div>\n\t\t\t\t\t<\/div>\n\t\t\t\t<\/div>\n\t\t\t\t<\/div>","protected":false},"excerpt":{"rendered":"<p>Tarkvaraarendusteenuste allhankimine idufirmade jaoks On mitmeid p\u00f5hjusi, miks allhankimine on parim valik idufirmade jaoks, ja iga\u00fcks neist on v\u00f5rdselt oluline. N\u00e4iteks v\u00e4listab allhankimine vajaduse luua arendusb\u00fcroo. Samuti v\u00f5imaldab see s\u00e4\u00e4sta raha t\u00f6\u00f6tajate v\u00e4rbamisel ja koolitusel. Lisaks tagab allhankimine, et saate j\u00e4rjepidevalt eel- [...]<\/p>","protected":false},"author":1,"featured_media":0,"parent":18,"menu_order":0,"comment_status":"closed","ping_status":"closed","template":"elementor_header_footer","meta":{"footnotes":""},"class_list":["post-286","page","type-page","status-publish","hentry"],"acf":[],"yoast_head":"<!-- This site is optimized with the Yoast SEO Premium plugin v22.0 (Yoast SEO v22.0) - https:\/\/yoast.com\/wordpress\/plugins\/seo\/ -->\n<title>outsourcing development services for startups - Akox Development<\/title>\n<meta name=\"robots\" content=\"index, follow, max-snippet:-1, max-image-preview:large, max-video-preview:-1\" \/>\n<link rel=\"canonical\" href=\"https:\/\/akoxdev.com\/et\/pealeht\/arendusteenuste-sisseostmine-alustavatele-ettevotetele\/\" \/>\n<meta property=\"og:locale\" content=\"et_EE\" \/>\n<meta property=\"og:type\" content=\"article\" \/>\n<meta property=\"og:title\" content=\"outsourcing development services for startups\" \/>\n<meta property=\"og:description\" content=\"Outsourcing of software development services for startups There are multiple reasons why outsourcing is the best option for startups, and each is equally significant. For example, outsourcing eliminates the need to establish a development office. It also allows you to save money on employee recruitment and education. Furthermore, outsourcing ensures that you receive consistent pre- [&hellip;]\" \/>\n<meta property=\"og:url\" content=\"https:\/\/akoxdev.com\/et\/pealeht\/arendusteenuste-sisseostmine-alustavatele-ettevotetele\/\" \/>\n<meta property=\"og:site_name\" content=\"Akox Development\" \/>\n<meta property=\"article:modified_time\" content=\"2024-02-07T18:28:19+00:00\" \/>\n<meta name=\"twitter:card\" content=\"summary_large_image\" \/>\n<meta name=\"twitter:label1\" content=\"Est. reading time\" \/>\n\t<meta name=\"twitter:data1\" content=\"2 minutit\" \/>\n<script type=\"application\/ld+json\" class=\"yoast-schema-graph\">{\"@context\":\"https:\/\/schema.org\",\"@graph\":[{\"@type\":\"WebPage\",\"@id\":\"https:\/\/akoxdev.com\/main-page\/outsourcing-development-services-for-startups\/\",\"url\":\"https:\/\/akoxdev.com\/main-page\/outsourcing-development-services-for-startups\/\",\"name\":\"outsourcing development services for startups - Akox Development\",\"isPartOf\":{\"@id\":\"https:\/\/akoxdev.com\/ru\/#website\"},\"datePublished\":\"2024-02-05T14:42:44+00:00\",\"dateModified\":\"2024-02-07T18:28:19+00:00\",\"breadcrumb\":{\"@id\":\"https:\/\/akoxdev.com\/main-page\/outsourcing-development-services-for-startups\/#breadcrumb\"},\"inLanguage\":\"et\",\"potentialAction\":[{\"@type\":\"ReadAction\",\"target\":[\"https:\/\/akoxdev.com\/main-page\/outsourcing-development-services-for-startups\/\"]}]},{\"@type\":\"BreadcrumbList\",\"@id\":\"https:\/\/akoxdev.com\/main-page\/outsourcing-development-services-for-startups\/#breadcrumb\",\"itemListElement\":[{\"@type\":\"ListItem\",\"position\":1,\"name\":\"Home\",\"item\":\"https:\/\/akoxdev.com\/\"},{\"@type\":\"ListItem\",\"position\":2,\"name\":\"Main Page\",\"item\":\"https:\/\/akoxdev.com\/\"},{\"@type\":\"ListItem\",\"position\":3,\"name\":\"outsourcing development services for startups\"}]},{\"@type\":\"WebSite\",\"@id\":\"https:\/\/akoxdev.com\/ru\/#website\",\"url\":\"https:\/\/akoxdev.com\/ru\/\",\"name\":\"Akox Development\",\"description\":\"Akox Development O\u00dc\",\"publisher\":{\"@id\":\"https:\/\/akoxdev.com\/ru\/#organization\"},\"potentialAction\":[{\"@type\":\"SearchAction\",\"target\":{\"@type\":\"EntryPoint\",\"urlTemplate\":\"https:\/\/akoxdev.com\/ru\/?s={search_term_string}\"},\"query-input\":\"required name=search_term_string\"}],\"inLanguage\":\"et\"},{\"@type\":\"Organization\",\"@id\":\"https:\/\/akoxdev.com\/ru\/#organization\",\"name\":\"Akox Development\",\"url\":\"https:\/\/akoxdev.com\/ru\/\",\"logo\":{\"@type\":\"ImageObject\",\"inLanguage\":\"et\",\"@id\":\"https:\/\/akoxdev.com\/ru\/#\/schema\/logo\/image\/\",\"url\":\"https:\/\/akoxdev.com\/wp-content\/uploads\/2024\/02\/Akox_Development_logo_big.jpg\",\"contentUrl\":\"https:\/\/akoxdev.com\/wp-content\/uploads\/2024\/02\/Akox_Development_logo_big.jpg\",\"width\":1337,\"height\":586,\"caption\":\"Akox Development\"},\"image\":{\"@id\":\"https:\/\/akoxdev.com\/ru\/#\/schema\/logo\/image\/\"}}]}<\/script>\n<!-- \/ Yoast SEO Premium plugin. -->","yoast_head_json":{"title":"outsourcing development services for startups - Akox Development","robots":{"index":"index","follow":"follow","max-snippet":"max-snippet:-1","max-image-preview":"max-image-preview:large","max-video-preview":"max-video-preview:-1"},"canonical":"https:\/\/akoxdev.com\/et\/pealeht\/arendusteenuste-sisseostmine-alustavatele-ettevotetele\/","og_locale":"et_EE","og_type":"article","og_title":"outsourcing development services for startups","og_description":"Outsourcing of software development services for startups There are multiple reasons why outsourcing is the best option for startups, and each is equally significant. For example, outsourcing eliminates the need to establish a development office. It also allows you to save money on employee recruitment and education. Furthermore, outsourcing ensures that you receive consistent pre- [&hellip;]","og_url":"https:\/\/akoxdev.com\/et\/pealeht\/arendusteenuste-sisseostmine-alustavatele-ettevotetele\/","og_site_name":"Akox Development","article_modified_time":"2024-02-07T18:28:19+00:00","twitter_card":"summary_large_image","twitter_misc":{"Est. reading time":"2 minutit"},"schema":{"@context":"https:\/\/schema.org","@graph":[{"@type":"WebPage","@id":"https:\/\/akoxdev.com\/main-page\/outsourcing-development-services-for-startups\/","url":"https:\/\/akoxdev.com\/main-page\/outsourcing-development-services-for-startups\/","name":"outsourcing development services for startups - Akox Development","isPartOf":{"@id":"https:\/\/akoxdev.com\/ru\/#website"},"datePublished":"2024-02-05T14:42:44+00:00","dateModified":"2024-02-07T18:28:19+00:00","breadcrumb":{"@id":"https:\/\/akoxdev.com\/main-page\/outsourcing-development-services-for-startups\/#breadcrumb"},"inLanguage":"et","potentialAction":[{"@type":"ReadAction","target":["https:\/\/akoxdev.com\/main-page\/outsourcing-development-services-for-startups\/"]}]},{"@type":"BreadcrumbList","@id":"https:\/\/akoxdev.com\/main-page\/outsourcing-development-services-for-startups\/#breadcrumb","itemListElement":[{"@type":"ListItem","position":1,"name":"Home","item":"https:\/\/akoxdev.com\/"},{"@type":"ListItem","position":2,"name":"Main Page","item":"https:\/\/akoxdev.com\/"},{"@type":"ListItem","position":3,"name":"outsourcing development services for startups"}]},{"@type":"WebSite","@id":"https:\/\/akoxdev.com\/ru\/#website","url":"https:\/\/akoxdev.com\/ru\/","name":"Akox Development","description":"Akox Development O\u00dc","publisher":{"@id":"https:\/\/akoxdev.com\/ru\/#organization"},"potentialAction":[{"@type":"SearchAction","target":{"@type":"EntryPoint","urlTemplate":"https:\/\/akoxdev.com\/ru\/?s={search_term_string}"},"query-input":"required name=search_term_string"}],"inLanguage":"et"},{"@type":"Organization","@id":"https:\/\/akoxdev.com\/ru\/#organization","name":"Akox Development","url":"https:\/\/akoxdev.com\/ru\/","logo":{"@type":"ImageObject","inLanguage":"et","@id":"https:\/\/akoxdev.com\/ru\/#\/schema\/logo\/image\/","url":"https:\/\/akoxdev.com\/wp-content\/uploads\/2024\/02\/Akox_Development_logo_big.jpg","contentUrl":"https:\/\/akoxdev.com\/wp-content\/uploads\/2024\/02\/Akox_Development_logo_big.jpg","width":1337,"height":586,"caption":"Akox Development"},"image":{"@id":"https:\/\/akoxdev.com\/ru\/#\/schema\/logo\/image\/"}}]}},"_links":{"self":[{"href":"https:\/\/akoxdev.com\/et\/wp-json\/wp\/v2\/pages\/286","targetHints":{"allow":["GET"]}}],"collection":[{"href":"https:\/\/akoxdev.com\/et\/wp-json\/wp\/v2\/pages"}],"about":[{"href":"https:\/\/akoxdev.com\/et\/wp-json\/wp\/v2\/types\/page"}],"author":[{"embeddable":true,"href":"https:\/\/akoxdev.com\/et\/wp-json\/wp\/v2\/users\/1"}],"replies":[{"embeddable":true,"href":"https:\/\/akoxdev.com\/et\/wp-json\/wp\/v2\/comments?post=286"}],"version-history":[{"count":13,"href":"https:\/\/akoxdev.com\/et\/wp-json\/wp\/v2\/pages\/286\/revisions"}],"predecessor-version":[{"id":670,"href":"https:\/\/akoxdev.com\/et\/wp-json\/wp\/v2\/pages\/286\/revisions\/670"}],"up":[{"embeddable":true,"href":"https:\/\/akoxdev.com\/et\/wp-json\/wp\/v2\/pages\/18"}],"wp:attachment":[{"href":"https:\/\/akoxdev.com\/et\/wp-json\/wp\/v2\/media?parent=286"}],"curies":[{"name":"wp","href":"https:\/\/api.w.org\/{rel}","templated":true}]}}