{"id":272,"date":"2024-02-05T14:40:47","date_gmt":"2024-02-05T14:40:47","guid":{"rendered":"https:\/\/akoxdev.pikapod.net\/?page_id=272"},"modified":"2024-02-07T18:32:35","modified_gmt":"2024-02-07T18:32:35","slug":"why-programming-outsourcing","status":"publish","type":"page","link":"https:\/\/akoxdev.com\/et\/miks-programmeerimise-allhankimine\/","title":{"rendered":"miks tarkvaraarenduse allhankimine"},"content":{"rendered":"<div data-elementor-type=\"wp-page\" data-elementor-id=\"272\" class=\"elementor elementor-272\" data-elementor-post-type=\"page\">\n\t\t\t\t<div class=\"elementor-element elementor-element-149beaf e-flex e-con-boxed e-con e-parent\" data-id=\"149beaf\" data-element_type=\"container\" data-settings=\"{&quot;background_background&quot;:&quot;classic&quot;,&quot;content_width&quot;:&quot;boxed&quot;}\" data-core-v316-plus=\"true\">\n\t\t\t\t\t<div class=\"e-con-inner\">\n\t\t<div class=\"elementor-element elementor-element-21f7d0a1 e-con-full e-flex e-con e-child\" data-id=\"21f7d0a1\" data-element_type=\"container\" data-settings=\"{&quot;background_background&quot;:&quot;classic&quot;,&quot;content_width&quot;:&quot;full&quot;}\">\n\t\t\t\t<div class=\"elementor-element elementor-element-de1bf1b elementor-widget elementor-widget-heading\" data-id=\"de1bf1b\" data-element_type=\"widget\" data-widget_type=\"heading.default\">\n\t\t\t\t<div class=\"elementor-widget-container\">\n\t\t\t<style>\/*! elementor - v3.19.0 - 29-01-2024 *\/\n.elementor-heading-title{padding:0;margin:0;line-height:1}.elementor-widget-heading .elementor-heading-title[class*=elementor-size-]>a{color:inherit;font-size:inherit;line-height:inherit}.elementor-widget-heading .elementor-heading-title.elementor-size-small{font-size:15px}.elementor-widget-heading .elementor-heading-title.elementor-size-medium{font-size:19px}.elementor-widget-heading .elementor-heading-title.elementor-size-large{font-size:29px}.elementor-widget-heading .elementor-heading-title.elementor-size-xl{font-size:39px}.elementor-widget-heading .elementor-heading-title.elementor-size-xxl{font-size:59px}<\/style><h2 class=\"elementor-heading-title elementor-size-default\">allhanke v\u00f5imsus<\/h2>\t\t<\/div>\n\t\t\t\t<\/div>\n\t\t<div class=\"elementor-element elementor-element-3f6fc9a e-con-full e-flex e-con e-child\" data-id=\"3f6fc9a\" data-element_type=\"container\" data-settings=\"{&quot;content_width&quot;:&quot;full&quot;}\">\n\t\t\t\t<div class=\"elementor-element elementor-element-6627d73e elementor-widget elementor-widget-text-editor\" data-id=\"6627d73e\" data-element_type=\"widget\" data-widget_type=\"text-editor.default\">\n\t\t\t\t<div class=\"elementor-widget-container\">\n\t\t\t<style>\/*! elementor - v3.19.0 - 29-01-2024 *\/\n.elementor-widget-text-editor.elementor-drop-cap-view-stacked .elementor-drop-cap{background-color:#69727d;color:#fff}.elementor-widget-text-editor.elementor-drop-cap-view-framed .elementor-drop-cap{color:#69727d;border:3px solid;background-color:transparent}.elementor-widget-text-editor:not(.elementor-drop-cap-view-default) .elementor-drop-cap{margin-top:8px}.elementor-widget-text-editor:not(.elementor-drop-cap-view-default) .elementor-drop-cap-letter{width:1em;height:1em}.elementor-widget-text-editor .elementor-drop-cap{float:left;text-align:center;line-height:1;font-size:50px}.elementor-widget-text-editor .elementor-drop-cap-letter{display:inline-block}<\/style>\t\t\t\t<p>\"Outsourcing\" on termin, mida olete t\u00f5en\u00e4oliselt palju kuulnud. Akox Development usub, et parim viis \u00e4risuhte alustamiseks on tutvustada allhangete kontseptsiooni kohe alguses, alustades aruteluga allhangete eeliste kohta ja sellest, kuidas neid k\u00f5ige paremini teie konkreetsele IT-turule rakendada.<br \/>Allhanke allhankimine on \u00e4riprotsessi tellimine v\u00e4lisele tarnijale. Selleks on mitmeid p\u00f5hjusi, sealhulgas oma t\u00f6\u00f6tajate keskendumine sellele, mida nad k\u00f5ige paremini oskavad, ja kolmanda osapoole palkamine sellise \u00e4rivajaduse lahendamiseks, mida te oma sisemiste ressurssidega t\u00f5husalt t\u00e4ita ei suuda.<\/p>\t\t\t\t\t\t<\/div>\n\t\t\t\t<\/div>\n\t\t\t\t<\/div>\n\t\t\t\t<\/div>\n\t\t<div class=\"elementor-element elementor-element-8439eea e-con-full e-flex e-con e-child\" data-id=\"8439eea\" data-element_type=\"container\" data-settings=\"{&quot;content_width&quot;:&quot;full&quot;,&quot;background_background&quot;:&quot;classic&quot;}\">\n\t\t<div class=\"elementor-element elementor-element-068fc37 e-con-full e-flex e-con e-child\" data-id=\"068fc37\" data-element_type=\"container\" data-settings=\"{&quot;content_width&quot;:&quot;full&quot;}\">\n\t\t\t\t<div class=\"elementor-element elementor-element-98bd5ad elementor-widget elementor-widget-text-editor\" data-id=\"98bd5ad\" data-element_type=\"widget\" data-widget_type=\"text-editor.default\">\n\t\t\t\t<div class=\"elementor-widget-container\">\n\t\t\t\t\t\t\t<h1>Kaugjuhtimise arendusmeeskond<\/h1><p>Kaugarendusmeeskond on outsourcing l\u00e4henemine see on parim, Akox Development, p\u00e4rast s\u00fcgavat arusaamist kliendi spetsiifilistest vajadustest, moodustab arendajate, juhtide, testijate ja disainerite meeskonna, mille <span class=\"nobr\">oskuste kogum<\/span> sobib ideaalselt nende vajadustega. See spetsialiseerunud meeskond t\u00f6\u00f6tab kliendi kohaliku personali loomuliku t\u00e4iendusena, andes oma kogemused kliendi k\u00e4sutusse. Meeskond teeb p\u00e4rast projekti kohta juhiseid saades teie eesm\u00e4rgid oma eesm\u00e4rkideks.<\/p><p>Kaugarendusmeeskonna l\u00e4henemisviisiga kumuleerunud kogemused on osutunud k\u00f5ige t\u00f5husamaks viisiks, kuidas olemasolevad ettev\u00f5tted ja suured tehnoloogilised ettev\u00f5tted saavad IT-projekte sisse osta ja neid kaasatava kapitaliga rahastada. Kaugarendusmeeskonna kasutamisel on mitmeid eeliseid. N\u00e4iteks:<\/p><ul><li>Kuna igal meeskonnaliikmel on t\u00f6\u00f6stusharu\/<span class=\"nobr\">tehnoloogiaspetsiifiline<\/span> eksperditeadmised, muutub kaugarendusmeeskond kiiresti kliendi sisemise meeskonna loomulikuks laienduseks. Kasutades \u00e4ra oma spetsiifilisi kogemusi kliendi t\u00f6\u00f6stusharus, saab Offshore-keskuse poolt pakutav kaugarendusmeeskond lisada kliendi \u00e4ritegevusele v\u00e4\u00e4rtust.<\/li><li>Igakuiste IT-kulude hindamine. Seda seet\u00f5ttu, et saate kaugarendusmeeskonna liikmeid kohelda nii, nagu oleksid nad teie enda t\u00f6\u00f6tajad, ja maksta neile \"palka\" fikseeritud igakuisest eelarvest.<\/li><\/ul><p>Kaugarendusmeeskonna kogemus kliendi t\u00f6\u00f6stusharus v\u00f5imaldab neil pakkuda \"tootehankimise eeliseid\", mida mitteteadlikul partneril ei oleks v\u00f5imalik kasutada. See loob selge \"arusaamise tee\" kliendi ja meeskonna vahel.<\/p><p>Remote Development Team m\u00f5istab kliendi peamisi \u00e4rim\u00f5\u00f5dikuid ning seab prioriteediks parima v\u00e4\u00e4rtuse ja kuluefektiivsete lahenduste pakkumise. Kliendi \u00e4rim\u00f5\u00f5dikute tundmine v\u00f5ib suurendada arendaja tootlikkust, sest ta tunneb tarkvara kodeerimise olulisust ja vigade v\u00f5i eksimuste v\u00f5imalikke kulusid. Kaugarendusmeeskonna l\u00e4henemisviis optimeerib riskide jagamist kahe osapoole vahel!<\/p>\t\t\t\t\t\t<\/div>\n\t\t\t\t<\/div>\n\t\t\t\t<\/div>\n\t\t\t\t<\/div>\n\t\t\t\t\t<\/div>\n\t\t\t\t<\/div>\n\t\t<div class=\"elementor-element elementor-element-4861b74e e-flex e-con-boxed e-con e-parent\" data-id=\"4861b74e\" data-element_type=\"container\" data-settings=\"{&quot;background_background&quot;:&quot;classic&quot;,&quot;content_width&quot;:&quot;boxed&quot;}\" data-core-v316-plus=\"true\">\n\t\t\t\t\t<div class=\"e-con-inner\">\n\t\t\t\t<div class=\"elementor-element elementor-element-7573ab24 elementor-widget elementor-widget-heading\" data-id=\"7573ab24\" data-element_type=\"widget\" data-widget_type=\"heading.default\">\n\t\t\t\t<div class=\"elementor-widget-container\">\n\t\t\t<h2 class=\"elementor-heading-title elementor-size-default\">Olete vaid \u00fche sammu kaugusel oma j\u00e4rgmise projekti algusest<\/h2>\t\t<\/div>\n\t\t\t\t<\/div>\n\t\t\t\t<div class=\"elementor-element elementor-element-1d11d59e elementor-align-center elementor-widget elementor-widget-button\" data-id=\"1d11d59e\" data-element_type=\"widget\" data-widget_type=\"button.default\">\n\t\t\t\t<div class=\"elementor-widget-container\">\n\t\t\t\t\t<div class=\"elementor-button-wrapper\">\n\t\t\t<a class=\"elementor-button elementor-button-link elementor-size-lg\" href=\"#elementor-action:action=popup:open&settings=eyJpZCI6IjQ5MyIsInRvZ2dsZSI6ZmFsc2V9\">\n\t\t\t\t\t\t<span class=\"elementor-button-content-wrapper\">\n\t\t\t\t\t\t<span class=\"elementor-button-text\">V\u00d5TA MEIEGA \u00dcHENDUST<\/span>\n\t\t<\/span>\n\t\t\t\t\t<\/a>\n\t\t<\/div>\n\t\t\t\t<\/div>\n\t\t\t\t<\/div>\n\t\t\t\t\t<\/div>\n\t\t\t\t<\/div>\n\t\t\t\t<\/div>","protected":false},"excerpt":{"rendered":"<p>allhanke v\u00f5imsus \"Allhanke\" on m\u00f5iste, mida olete t\u00f5en\u00e4oliselt palju kuulnud. Akox Development usub, et parim viis \u00e4risuhte alustamiseks on tutvustada allhangete kontseptsiooni kohe alguses, alustades aruteluga allhangete eeliste \u00fcle ja sellest, kuidas neid saab k\u00f5ige paremini rakendada teie konkreetsele IT-turule.Outsourcing on [...]<\/p>","protected":false},"author":1,"featured_media":0,"parent":0,"menu_order":0,"comment_status":"closed","ping_status":"closed","template":"elementor_header_footer","meta":{"footnotes":""},"class_list":["post-272","page","type-page","status-publish","hentry"],"acf":[],"yoast_head":"<!-- This site is optimized with the Yoast SEO Premium plugin v22.0 (Yoast SEO v22.0) - https:\/\/yoast.com\/wordpress\/plugins\/seo\/ -->\n<title>why software development outsourcing - Akox Development<\/title>\n<meta name=\"robots\" content=\"index, follow, max-snippet:-1, max-image-preview:large, max-video-preview:-1\" \/>\n<link rel=\"canonical\" href=\"https:\/\/akoxdev.com\/et\/miks-programmeerimise-allhankimine\/\" \/>\n<meta property=\"og:locale\" content=\"et_EE\" \/>\n<meta property=\"og:type\" content=\"article\" \/>\n<meta property=\"og:title\" content=\"why software development outsourcing\" \/>\n<meta property=\"og:description\" content=\"the power of Outsourcing &#8220;Outsourcing&#8221; is a term you&#8217;ve likely heard a lot. Akox Development believes that the best way to start a business relationship is to introduce the outsourcing concept from the start, beginning with a discussion about outsourcing&#8217;s benefits and how they can be best applied to your specific IT market.Outsourcing is the [&hellip;]\" \/>\n<meta property=\"og:url\" content=\"https:\/\/akoxdev.com\/et\/miks-programmeerimise-allhankimine\/\" \/>\n<meta property=\"og:site_name\" content=\"Akox Development\" \/>\n<meta property=\"article:modified_time\" content=\"2024-02-07T18:32:35+00:00\" \/>\n<meta name=\"twitter:card\" content=\"summary_large_image\" \/>\n<meta name=\"twitter:label1\" content=\"Est. reading time\" \/>\n\t<meta name=\"twitter:data1\" content=\"2 minutit\" \/>\n<script type=\"application\/ld+json\" class=\"yoast-schema-graph\">{\"@context\":\"https:\/\/schema.org\",\"@graph\":[{\"@type\":\"WebPage\",\"@id\":\"https:\/\/akoxdev.com\/why-programming-outsourcing\/\",\"url\":\"https:\/\/akoxdev.com\/why-programming-outsourcing\/\",\"name\":\"why software development outsourcing - Akox Development\",\"isPartOf\":{\"@id\":\"https:\/\/akoxdev.com\/ru\/#website\"},\"datePublished\":\"2024-02-05T14:40:47+00:00\",\"dateModified\":\"2024-02-07T18:32:35+00:00\",\"breadcrumb\":{\"@id\":\"https:\/\/akoxdev.com\/why-programming-outsourcing\/#breadcrumb\"},\"inLanguage\":\"et\",\"potentialAction\":[{\"@type\":\"ReadAction\",\"target\":[\"https:\/\/akoxdev.com\/why-programming-outsourcing\/\"]}]},{\"@type\":\"BreadcrumbList\",\"@id\":\"https:\/\/akoxdev.com\/why-programming-outsourcing\/#breadcrumb\",\"itemListElement\":[{\"@type\":\"ListItem\",\"position\":1,\"name\":\"Home\",\"item\":\"https:\/\/akoxdev.com\/\"},{\"@type\":\"ListItem\",\"position\":2,\"name\":\"why software development outsourcing\"}]},{\"@type\":\"WebSite\",\"@id\":\"https:\/\/akoxdev.com\/ru\/#website\",\"url\":\"https:\/\/akoxdev.com\/ru\/\",\"name\":\"Akox Development\",\"description\":\"Akox Development O\u00dc\",\"publisher\":{\"@id\":\"https:\/\/akoxdev.com\/ru\/#organization\"},\"potentialAction\":[{\"@type\":\"SearchAction\",\"target\":{\"@type\":\"EntryPoint\",\"urlTemplate\":\"https:\/\/akoxdev.com\/ru\/?s={search_term_string}\"},\"query-input\":\"required name=search_term_string\"}],\"inLanguage\":\"et\"},{\"@type\":\"Organization\",\"@id\":\"https:\/\/akoxdev.com\/ru\/#organization\",\"name\":\"Akox Development\",\"url\":\"https:\/\/akoxdev.com\/ru\/\",\"logo\":{\"@type\":\"ImageObject\",\"inLanguage\":\"et\",\"@id\":\"https:\/\/akoxdev.com\/ru\/#\/schema\/logo\/image\/\",\"url\":\"https:\/\/akoxdev.com\/wp-content\/uploads\/2024\/02\/Akox_Development_logo_big.jpg\",\"contentUrl\":\"https:\/\/akoxdev.com\/wp-content\/uploads\/2024\/02\/Akox_Development_logo_big.jpg\",\"width\":1337,\"height\":586,\"caption\":\"Akox Development\"},\"image\":{\"@id\":\"https:\/\/akoxdev.com\/ru\/#\/schema\/logo\/image\/\"}}]}<\/script>\n<!-- \/ Yoast SEO Premium plugin. -->","yoast_head_json":{"title":"why software development outsourcing - Akox Development","robots":{"index":"index","follow":"follow","max-snippet":"max-snippet:-1","max-image-preview":"max-image-preview:large","max-video-preview":"max-video-preview:-1"},"canonical":"https:\/\/akoxdev.com\/et\/miks-programmeerimise-allhankimine\/","og_locale":"et_EE","og_type":"article","og_title":"why software development outsourcing","og_description":"the power of Outsourcing &#8220;Outsourcing&#8221; is a term you&#8217;ve likely heard a lot. Akox Development believes that the best way to start a business relationship is to introduce the outsourcing concept from the start, beginning with a discussion about outsourcing&#8217;s benefits and how they can be best applied to your specific IT market.Outsourcing is the [&hellip;]","og_url":"https:\/\/akoxdev.com\/et\/miks-programmeerimise-allhankimine\/","og_site_name":"Akox Development","article_modified_time":"2024-02-07T18:32:35+00:00","twitter_card":"summary_large_image","twitter_misc":{"Est. reading time":"2 minutit"},"schema":{"@context":"https:\/\/schema.org","@graph":[{"@type":"WebPage","@id":"https:\/\/akoxdev.com\/why-programming-outsourcing\/","url":"https:\/\/akoxdev.com\/why-programming-outsourcing\/","name":"why software development outsourcing - Akox Development","isPartOf":{"@id":"https:\/\/akoxdev.com\/ru\/#website"},"datePublished":"2024-02-05T14:40:47+00:00","dateModified":"2024-02-07T18:32:35+00:00","breadcrumb":{"@id":"https:\/\/akoxdev.com\/why-programming-outsourcing\/#breadcrumb"},"inLanguage":"et","potentialAction":[{"@type":"ReadAction","target":["https:\/\/akoxdev.com\/why-programming-outsourcing\/"]}]},{"@type":"BreadcrumbList","@id":"https:\/\/akoxdev.com\/why-programming-outsourcing\/#breadcrumb","itemListElement":[{"@type":"ListItem","position":1,"name":"Home","item":"https:\/\/akoxdev.com\/"},{"@type":"ListItem","position":2,"name":"why software development outsourcing"}]},{"@type":"WebSite","@id":"https:\/\/akoxdev.com\/ru\/#website","url":"https:\/\/akoxdev.com\/ru\/","name":"Akox Development","description":"Akox Development O\u00dc","publisher":{"@id":"https:\/\/akoxdev.com\/ru\/#organization"},"potentialAction":[{"@type":"SearchAction","target":{"@type":"EntryPoint","urlTemplate":"https:\/\/akoxdev.com\/ru\/?s={search_term_string}"},"query-input":"required name=search_term_string"}],"inLanguage":"et"},{"@type":"Organization","@id":"https:\/\/akoxdev.com\/ru\/#organization","name":"Akox Development","url":"https:\/\/akoxdev.com\/ru\/","logo":{"@type":"ImageObject","inLanguage":"et","@id":"https:\/\/akoxdev.com\/ru\/#\/schema\/logo\/image\/","url":"https:\/\/akoxdev.com\/wp-content\/uploads\/2024\/02\/Akox_Development_logo_big.jpg","contentUrl":"https:\/\/akoxdev.com\/wp-content\/uploads\/2024\/02\/Akox_Development_logo_big.jpg","width":1337,"height":586,"caption":"Akox Development"},"image":{"@id":"https:\/\/akoxdev.com\/ru\/#\/schema\/logo\/image\/"}}]}},"_links":{"self":[{"href":"https:\/\/akoxdev.com\/et\/wp-json\/wp\/v2\/pages\/272","targetHints":{"allow":["GET"]}}],"collection":[{"href":"https:\/\/akoxdev.com\/et\/wp-json\/wp\/v2\/pages"}],"about":[{"href":"https:\/\/akoxdev.com\/et\/wp-json\/wp\/v2\/types\/page"}],"author":[{"embeddable":true,"href":"https:\/\/akoxdev.com\/et\/wp-json\/wp\/v2\/users\/1"}],"replies":[{"embeddable":true,"href":"https:\/\/akoxdev.com\/et\/wp-json\/wp\/v2\/comments?post=272"}],"version-history":[{"count":33,"href":"https:\/\/akoxdev.com\/et\/wp-json\/wp\/v2\/pages\/272\/revisions"}],"predecessor-version":[{"id":679,"href":"https:\/\/akoxdev.com\/et\/wp-json\/wp\/v2\/pages\/272\/revisions\/679"}],"wp:attachment":[{"href":"https:\/\/akoxdev.com\/et\/wp-json\/wp\/v2\/media?parent=272"}],"curies":[{"name":"wp","href":"https:\/\/api.w.org\/{rel}","templated":true}]}}